{"id":227,"date":"2017-10-25T12:02:56","date_gmt":"2017-10-25T10:02:56","guid":{"rendered":"http:\/\/www.grup-gbi.com\/?page_id=227"},"modified":"2025-09-04T08:34:23","modified_gmt":"2025-09-04T08:34:23","slug":"presentacion","status":"publish","type":"page","link":"https:\/\/www.grup-gbi.com\/es\/presentacion\/","title":{"rendered":"Presentaci\u00f3n"},"content":{"rendered":"<section class=\"wpb-content-wrapper\">[vc_row full_width=&#8221;stretch_row_content_no_spaces&#8221; css=&#8221;.vc_custom_1548407463928{background-position: center !important;background-repeat: no-repeat !important;background-size: cover !important;}&#8221;][vc_column]<div class=\"vcex-image vcex-module vcex-clr max-height-image-header\"><span class=\"vcex-image-inner\" style=\"width:100%;\"><img src=\"https:\/\/www.grup-gbi.com\/wp-content\/uploads\/2019\/01\/gbi_header_presentacio-1280x250.jpg\" data-no-retina width=\"1280\" height=\"250\" \/><\/span><\/div>[vc_column_text color=&#8221;#ffffff&#8221; font_size=&#8221;d:70|tl:60|tp:40|pl:30|pp:30&#8243; font_weight=&#8221;700&#8243; el_class=&#8221;header-title-section&#8221;]Presentaci\u00f3n[\/vc_column_text][\/vc_column][\/vc_row][vc_row][vc_column width=&#8221;2\/3&#8243;][vc_column_text font_size=&#8221;40px&#8221; font_weight=&#8221;600&#8243; color=&#8221;#000000&#8243; line_height=&#8221;40px&#8221;]Somos un equipo experimentado y multidisciplinar, comprometido, que compartimos un esp\u00edritu colaborativo, de diagn\u00f3stico, de asesoramiento y de atenci\u00f3n personalizada.[\/vc_column_text][vc_column_text font_size=&#8221;16px&#8221; line_height=&#8221;25px&#8221; font_weight=&#8221;500&#8243; css=&#8221;.vc_custom_1548745372828{padding-top: 30px !important;}&#8221; color=&#8221;#000000&#8243;]Nuestro esp\u00edritu de equipo con nuestros clientes nos permite evaluar sus necesidades, as\u00ed como proponer, ejecutar y mantener un servicio orientado a la excelencia. Escuchamos y asesoramos a nuestros clientes con el fin de conseguir ciudades m\u00e1s confortables para vivir. Para que puedan disfrutar mejor sus habitantes, sus vecinos y su gente.[\/vc_column_text][\/vc_column][vc_column width=&#8221;1\/3&#8243;][\/vc_column][\/vc_row][vc_row][vc_column]<div class=\"vcex-module vcex-divider vcex-divider-solid\" style=\"width:100%;border-top-width:1px;border-color:#9e9e9e;\"><\/div>[\/vc_column][\/vc_row][vc_row][vc_column width=&#8221;1\/4&#8243;][vc_column_text font_size=&#8221;20&#8243; font_weight=&#8221;700&#8243;]\n<p style=\"text-align: center;\">EQUIPO HUMANO<\/p>\n[\/vc_column_text]<div class=\"vcex-image vcex-module vcex-clr textcenter\"><span class=\"vcex-image-inner vc_custom_1548413364579\"><img src=\"https:\/\/www.grup-gbi.com\/wp-content\/uploads\/2019\/01\/gbi_presentacion_equipo_humano.png\" data-no-retina width=\"173\" height=\"174\" \/><\/span><\/div>[\/vc_column][vc_column width=&#8221;3\/4&#8243;][vc_column_text font_size=&#8221;16px&#8221; line_height=&#8221;25px&#8221; font_weight=&#8221;500&#8243; css=&#8221;.vc_custom_1548745395079{padding-top: 30px !important;}&#8221; color=&#8221;#000000&#8243;]Nuestro equipo humano es la garant\u00eda de experiencia, profesionalidad y calidad que nos avala y nos hace crecer. Con esta voluntad de colaboraci\u00f3n y trabajo en equipo somos un colectivo de personas implicadas y comprometidas con nuestro proyecto para satisfacer cualquier necesidad de nuestros clientes. Nuestra fuerza radica en:<\/p>\n<ul>\n<li>Nuestra profesionalidad y capacidad de asesoramiento para encontrar la mejor soluci\u00f3n adecuada y personalizada.<\/li>\n<li>Nuestra respuesta inmediata, eficaz y eficiente a cualquier necesidad que tengan municipios, instituciones, empresas y ciudadanos.<\/li>\n<\/ul>\n[\/vc_column_text][\/vc_column][\/vc_row][vc_row][vc_column]<div class=\"vcex-module vcex-divider vcex-divider-solid\" style=\"width:100%;border-top-width:1px;border-color:#9e9e9e;\"><\/div>[\/vc_column][\/vc_row][vc_row][vc_column width=&#8221;1\/4&#8243;][vc_column_text font_size=&#8221;20&#8243; font_weight=&#8221;700&#8243;]\n<p style=\"text-align: center;\">COMPROMISO CON LA SOCIEDAD<\/p>\n[\/vc_column_text]<div class=\"vcex-image vcex-module vcex-clr textcenter\"><span class=\"vcex-image-inner vc_custom_1548413371387\"><img src=\"https:\/\/www.grup-gbi.com\/wp-content\/uploads\/2019\/01\/gbi_presentacion_compromiso_con_la_sociedad.png\" data-no-retina width=\"172\" height=\"159\" \/><\/span><\/div>[\/vc_column][vc_column width=&#8221;3\/4&#8243;][vc_column_text font_size=&#8221;16px&#8221; line_height=&#8221;25px&#8221; font_weight=&#8221;500&#8243; css=&#8221;.vc_custom_1695375333490{padding-top: 30px !important;}&#8221; color=&#8221;#000000&#8243;]Desde GBI PAPREC, SA tenemos muy presente como empresa la necesidad de la responsabilidad social corporativa, por eso mismo contribuimos con nuestro trabajo con el entorno a reforzar nuestro compromiso con la sociedad que nos rodea y con las entidades que trabajan por la mejora en la calidad de vida de la ciudadan\u00eda. La b\u00fasqueda de la excelencia en el servicio que ofrecemos a empresas y municipios es el sello que nos avala.[\/vc_column_text][\/vc_column][\/vc_row][vc_row][vc_column]<div class=\"vcex-module vcex-divider vcex-divider-solid\" style=\"width:100%;border-top-width:1px;border-color:#9e9e9e;\"><\/div>[\/vc_column][\/vc_row][vc_row][vc_column width=&#8221;1\/4&#8243;][vc_column_text font_size=&#8221;20&#8243; font_weight=&#8221;700&#8243;]\n<p style=\"text-align: center;\">EXPERIENCIA<\/p>\n[\/vc_column_text]<div class=\"vcex-image vcex-module vcex-clr textcenter\"><span class=\"vcex-image-inner vc_custom_1548413377003\"><img src=\"https:\/\/www.grup-gbi.com\/wp-content\/uploads\/2019\/01\/gbi_presentacion_experiencia.png\" data-no-retina width=\"169\" height=\"137\" \/><\/span><\/div>[\/vc_column][vc_column width=&#8221;3\/4&#8243;][vc_column_text font_size=&#8221;16px&#8221; line_height=&#8221;25px&#8221; font_weight=&#8221;500&#8243; css=&#8221;.vc_custom_1548745514662{padding-top: 30px !important;}&#8221; color=&#8221;#000000&#8243;]Con la experiencia y el conocimiento en el \u00e1mbito del dise\u00f1o, la construcci\u00f3n y mantenimiento de espacios p\u00fablicos, as\u00ed como el reconocimiento en la gesti\u00f3n integral de residuos municipales e industriales de todos estos a\u00f1os, hemos logrado la confianza de empresas, industrias y municipios y estamos preparados para afrontar cualquier reto del presente y del futuro dando respuesta a cualquier necesidad.[\/vc_column_text][\/vc_column][\/vc_row][vc_row][vc_column]<div class=\"vcex-module vcex-divider vcex-divider-solid\" style=\"width:100%;border-top-width:1px;border-color:#9e9e9e;\"><\/div>[\/vc_column][\/vc_row][vc_row][vc_column width=&#8221;1\/4&#8243;][vc_column_text font_size=&#8221;20&#8243; font_weight=&#8221;700&#8243;]\n<p style=\"text-align: center;\">POL\u00cdTICA DE EMPRESA:<\/p>\n[\/vc_column_text]<div class=\"vcex-image vcex-module vcex-clr textcenter\"><span class=\"vcex-image-inner vc_custom_1548413382837\"><img src=\"https:\/\/www.grup-gbi.com\/wp-content\/uploads\/2019\/01\/gbi_presentacion_politica_de_empresa.png\" data-no-retina width=\"152\" height=\"151\" \/><\/span><\/div>[\/vc_column][vc_column width=&#8221;3\/4&#8243;][vc_column_text font_size=&#8221;16px&#8221; line_height=&#8221;25px&#8221; font_weight=&#8221;500&#8243; css=&#8221;.vc_custom_1756974878779{padding-top: 30px !important;}&#8221; color=&#8221;#000000&#8243;]<strong>GBI PAPREC, SA<\/strong>, empresa perteneciente al <strong>GRUPO PAPREC<\/strong>, desarrolla su actividad en el campo de la gesti\u00f3n de los residuos, que abarca las siguientes actividades:<\/p>\n<p style=\"text-align: center;\"><strong>Planificaci\u00f3n, Ejecuci\u00f3n, Gesti\u00f3n y Administraci\u00f3n de los Servicios Integrales de Recogida de RSU, de Recogida Selectiva, de Dep\u00f3sitos Controlados, de Desechar\u00edas, de Limpieza Viaria, de Limpieza de Playas, de Limpieza Parques Infantiles, de Mantenimiento de Equipamientos Urbanos y Gesti\u00f3n de Residuos.<\/strong><br \/>\n<strong>De Centros de Tratamiento de Residuos, de Selecci\u00f3n de Fracciones Valorizables, de Planta de Bioestabilizaci\u00f3n de Materia Org\u00e1nica, de Tratamiento de Residuos Vegetales y Residuos Voluminosos y de Planta de Transferencia de Residuos.<\/strong><\/p>\n<p>La actividad y los servicios prestados por <strong>GBI PAPREC, SA<\/strong> se enmarcan en unos escenarios municipales por lo tanto tienen una incidencia en el entorno urbano. Por ello <strong>GBI PAPREC, SA<\/strong> trabaja para dar respuesta a las expectativas de las partes interesadas (clientes, usuarios, sociedad, la administraci\u00f3n, &#8230;). <strong>GBI PAPREC, SA<\/strong> procura establecer relaciones de confianza y colaboraci\u00f3n con las partes interesadas con el fin de garantizar la eficiencia de los servicios, la implicaci\u00f3n responsable de todos los agentes y la rentabilidad de los recursos que se destinan.<\/p>\n<p>Para conseguir estas metas, <strong>GBI PAPREC, SA<\/strong> alcanza el siguiente compromiso:<br \/>\n<strong>1.<\/strong> Se compromete a establecer la presente pol\u00edtica como marco de referencia para determinar los objetivos y metas del Sistema de Gesti\u00f3n Integrado (SGI) de la Calidad, la Seguridad y la Salud en el Trabajo, Ambiental y de Gesti\u00f3n de la Energ\u00eda de acuerdo con las normas ISO 9001, ISO-45001, ISO 14001 e ISO 50001.<br \/>\n<strong>2.<\/strong> Procura comprometerse a analizar las necesidades de sus clientes para destinar los recursos m\u00e1s adecuados y eficientes para atenderlas con el fin de cumplir fielmente los compromisos adquiridos y de implantar oportunidades de mejora dirigidas a sus expectativas.<br \/>\n<strong>3.<\/strong> Se compromete a respetar y cumplir los requisitos legales aplicables y otros requisitos que sean suscritos.<br \/>\n<strong>4.<\/strong> Considera la calidad del servicio como signo distintivo de la empresa.<br \/>\n<strong>5.<\/strong> Se compromete a la Mejora Continua del Sistema de Gesti\u00f3n Integrado fundament\u00e1ndose en los siguientes ejes: \u2022 La formaci\u00f3n y el reciclaje continuo de todo el personal. \u2022 La implicaci\u00f3n de todo el personal de la organizaci\u00f3n en la consecuci\u00f3n de los objetivos y en la comunicaci\u00f3n de los riesgos y las oportunidades de mejora. \u2022 El control y seguimiento de los recursos y de las organizaciones que se subcontratan. \u2022 El cumplimiento de los requisitos de los clientes establecidos en las exigencias contractuales.\u00a0 \u2022 El seguimiento y an\u00e1lisis de las incidencias y no conformidades del SGI para detectar los puntos d\u00e9biles y las oportunidades de mejora. \u2022 La disponibilidad de la informaci\u00f3n y los recursos necesarios para alcanzar los objetivos y metas del Sistema de Gesti\u00f3n Integrado (SGI).<br \/>\n<strong>6.<\/strong> Considera la protecci\u00f3n del medio ambiente como una responsabilidad y un compromiso. Por ello el conjunto de las actividades, productos y servicios de la organizaci\u00f3n se llevan a cabo siguiendo la norma ISO 14001 y <strong>GBI PAPREC, SA<\/strong> se compromete a prevenir la contaminaci\u00f3n medioambiental y a valorar el ciclo de vida de sus productos y servicios.<br \/>\n<strong>7.<\/strong> Toma compromiso y conciencia de la sensibilidad ambiental y energ\u00e9tica de nuestro servicio, del cumplimiento de los requerimientos y de priorizar las actividades de dise\u00f1o, la adquisici\u00f3n y la utilizaci\u00f3n de productos o servicios energ\u00e9ticamente eficientes para mejorar el desempe\u00f1o energ\u00e9tico y ambiental.<br \/>\n<strong>8.<\/strong> Reconoce el compromiso en que debe proporcionar unas condiciones de trabajo seguras y saludables con el fin de prevenir las lesiones, evitar incidentes, accidentes y enfermedades profesionales, por lo que llevar a cabo un esfuerzo constante de mejora, manteniendo sus instalaciones, actualizando los medios t\u00e9cnicos para el desarrollo del trabajo diario, incorporando las nuevas tecnolog\u00edas e invirtiendo en las herramientas y medios necesarios.<br \/>\n<strong>9.<\/strong> Se compromete al Integrar la gesti\u00f3n de la Seguridad y la Salud en el Trabajo con la Formaci\u00f3n, la Consulta, la Participaci\u00f3n y la Informaci\u00f3n al personal con el fin de eliminar peligros y reducir riesgos en materia de Seguridad y Salud en el Trabajo.<br \/>\n<strong>10.<\/strong> Hace part\u00edcipes a los colaboradores externos (proveedores, subcontratistas, &#8230;) de las Pol\u00edticas de Gesti\u00f3n de la Calidad, Ambiental, de la Seguridad y la Salud en el Trabajo y de la Energ\u00eda, exigi\u00e9ndoles su compromiso y cumplimiento en los mismos t\u00e9rminos que a los servicios propios.<\/p>\n<p>Por otro lado, la direcci\u00f3n de la empresa <strong>GBI PAPREC, SA<\/strong> tiene el compromiso de promover la igualdad de trato y de oportunidades entre las mujeres y los hombres y considera esta igualdad de trato y oportunidades un principio b\u00e1sico de las relaciones laborales en la empresa.<\/p>\n<p>Esta Pol\u00edtica de Gesti\u00f3n Integrada apoya su Direcci\u00f3n Estrat\u00e9gica, es comunicada a todo el personal dentro de la organizaci\u00f3n y est\u00e1 disponible en las partes interesadas que sea apropiadas.<\/p>\n<p>En Lloret de Mar el 16 de junio de 2023.<br \/>\nAprobado por la Alta Direcci\u00f3n del SGI[\/vc_column_text][\/vc_column][\/vc_row]\n<\/section>","protected":false},"excerpt":{"rendered":"<p>[vc_row full_width=&#8221;stretch_row_content_no_spaces&#8221; css=&#8221;.vc_custom_1548407463928{background-position: center !important;background-repeat: no-repeat !important;background-size: cover !important;}&#8221;][vc_column][vc_column_text color=&#8221;#ffffff&#8221; font_size=&#8221;d:70|tl:60|tp:40|pl:30|pp:30&#8243; font_weight=&#8221;700&#8243; el_class=&#8221;header-title-section&#8221;]Presentaci\u00f3n[\/vc_column_text][\/vc_column][\/vc_row][vc_row][vc_column width=&#8221;2\/3&#8243;][vc_column_text font_size=&#8221;40px&#8221; font_weight=&#8221;600&#8243; color=&#8221;#000000&#8243; line_height=&#8221;40px&#8221;]Somos un equipo experimentado y multidisciplinar, comprometido, que compartimos un esp\u00edritu colaborativo, de diagn\u00f3stico, de asesoramiento y de atenci\u00f3n personalizada.[\/vc_column_text][vc_column_text font_size=&#8221;16px&#8221; line_height=&#8221;25px&#8221; font_weight=&#8221;500&#8243;&hellip;<\/p>\n","protected":false},"author":2,"featured_media":0,"parent":0,"menu_order":0,"comment_status":"closed","ping_status":"closed","template":"","meta":[],"_links":{"self":[{"href":"https:\/\/www.grup-gbi.com\/es\/wp-json\/wp\/v2\/pages\/227\/"}],"collection":[{"href":"https:\/\/www.grup-gbi.com\/es\/wp-json\/wp\/v2\/pages\/"}],"about":[{"href":"https:\/\/www.grup-gbi.com\/es\/wp-json\/wp\/v2\/types\/page\/"}],"author":[{"embeddable":true,"href":"https:\/\/www.grup-gbi.com\/es\/wp-json\/wp\/v2\/users\/2\/"}],"replies":[{"embeddable":true,"href":"https:\/\/www.grup-gbi.com\/es\/wp-json\/wp\/v2\/comments\/?post=227"}],"version-history":[{"count":20,"href":"https:\/\/www.grup-gbi.com\/es\/wp-json\/wp\/v2\/pages\/227\/revisions\/"}],"predecessor-version":[{"id":3153,"href":"https:\/\/www.grup-gbi.com\/es\/wp-json\/wp\/v2\/pages\/227\/revisions\/3153\/"}],"wp:attachment":[{"href":"https:\/\/www.grup-gbi.com\/es\/wp-json\/wp\/v2\/media\/?parent=227"}],"curies":[{"name":"wp","href":"https:\/\/api.w.org\/{rel}","templated":true}]}}