{"id":245,"date":"2017-10-25T16:33:04","date_gmt":"2017-10-25T14:33:04","guid":{"rendered":"http:\/\/www.grup-gbi.com\/?page_id=245"},"modified":"2023-09-22T09:36:50","modified_gmt":"2023-09-22T09:36:50","slug":"servicios-para-empresas-industrias-y-equipamientos","status":"publish","type":"page","link":"https:\/\/www.grup-gbi.com\/es\/servicios-para-empresas-industrias-y-equipamientos\/","title":{"rendered":"Servicios para empresas, industrias y equipamientos"},"content":{"rendered":"<section class=\"wpb-content-wrapper\">[vc_row full_width=&#8221;stretch_row_content_no_spaces&#8221; css=&#8221;.vc_custom_1548407463928{background-position: center !important;background-repeat: no-repeat !important;background-size: cover !important;}&#8221;][vc_column]<div class=\"vcex-image vcex-module vcex-clr max-height-image-header\"><span class=\"vcex-image-inner\" style=\"width:100%;\"><img src=\"https:\/\/www.grup-gbi.com\/wp-content\/uploads\/2019\/01\/gbi_header_serveis-empreses-1280x250.jpg\" data-no-retina width=\"1280\" height=\"250\" \/><\/span><\/div>[vc_column_text color=&#8221;#ffffff&#8221; font_size=&#8221;d:70|tl:60|tp:40|pl:30|pp:30&#8243; font_weight=&#8221;700&#8243; el_class=&#8221;header-title-section&#8221;]Servicios para empresas, industrias y equipamientos[\/vc_column_text][\/vc_column][\/vc_row][vc_row][vc_column width=&#8221;2\/3&#8243;][vc_column_text font_size=&#8221;40px&#8221; font_weight=&#8221;600&#8243; color=&#8221;#000000&#8243; line_height=&#8221;40px&#8221;]Con voluntad de dar un servicio eficaz a empresas, industrias y equipamientos las empresas del grupo GBI Grup, CATOR y SIRCAT resuelven cualquier necesidad en la recogida y tratamiento de residuos.[\/vc_column_text][vc_column_text font_size=&#8221;16px&#8221; line_height=&#8221;25px&#8221; font_weight=&#8221;500&#8243; css=&#8221;.vc_custom_1655745420646{padding-top: 30px !important;}&#8221; color=&#8221;#000000&#8243;]Disponemos del mejor equipo profesional y las tecnolog\u00edas m\u00e1s innovadoras en la gesti\u00f3n integral de aceites usados \u200b\u200by en el tratamiento de aguas residuales. Buscamos la eficiencia y la eficacia en todas nuestras acciones.[\/vc_column_text][\/vc_column][vc_column width=&#8221;1\/3&#8243;][\/vc_column][\/vc_row][vc_row][vc_column]<div class=\"vcex-module vcex-divider vcex-divider-solid\" style=\"width:100%;border-top-width:1px;border-color:#9e9e9e;\"><\/div>[\/vc_column][\/vc_row][vc_row][vc_column width=&#8221;1\/4&#8243;][vc_column_text font_size=&#8221;20&#8243; font_weight=&#8221;700&#8243;]\n<p style=\"text-align: center;\">RECOGIDA Y REGENERACI\u00d3N DE ACEITES MINERALES USADOS<\/p>\n[\/vc_column_text]<div class=\"vcex-image vcex-module vcex-clr textcenter\"><span class=\"vcex-image-inner vc_custom_1548664946635\"><img src=\"https:\/\/www.grup-gbi.com\/wp-content\/uploads\/2019\/01\/5_gbi_serveis_municipis-8.jpg\" data-no-retina width=\"288\" height=\"214\" \/><\/span><\/div>[\/vc_column][vc_column width=&#8221;3\/4&#8243;][vc_column_text font_size=&#8221;16px&#8221; line_height=&#8221;25px&#8221; font_weight=&#8221;500&#8243; css=&#8221;.vc_custom_1548748338528{padding-top: 30px !important;}&#8221; color=&#8221;#000000&#8243;]Servicio de recogida en todos los talleres e industrias de Catalu\u00f1a, reciclando todo el aceite usado producido. Obteniendo: Aceites base para la fabricaci\u00f3n de lubricantes, producto asf\u00e1ltico para la fabricaci\u00f3n de telas impermeabilizantes, asfaltos para carreteras y sales para productos y fertilizantes.[\/vc_column_text][\/vc_column][\/vc_row][vc_row][vc_column]<div class=\"vcex-module vcex-divider vcex-divider-solid\" style=\"width:100%;border-top-width:1px;border-color:#9e9e9e;\"><\/div>[\/vc_column][\/vc_row][vc_row][vc_column width=&#8221;1\/4&#8243;][vc_column_text font_size=&#8221;20&#8243; font_weight=&#8221;700&#8243;]\n<p style=\"text-align: center;\">EFICIENCIA ENERG\u00c9TICA<\/p>\n[\/vc_column_text]<div class=\"vcex-image vcex-module vcex-clr textcenter\"><span class=\"vcex-image-inner vc_custom_1548664991601\"><img src=\"https:\/\/www.grup-gbi.com\/wp-content\/uploads\/2019\/01\/3_gbi_serveis_municipis-6.jpg\" data-no-retina width=\"288\" height=\"214\" \/><\/span><\/div>[\/vc_column][vc_column width=&#8221;3\/4&#8243;][vc_column_text font_size=&#8221;16px&#8221; line_height=&#8221;25px&#8221; font_weight=&#8221;500&#8243; css=&#8221;.vc_custom_1548748350786{padding-top: 30px !important;}&#8221; color=&#8221;#000000&#8243;]Servicios de ahorro energ\u00e9tico durante todo el ciclo de vida de las instalaciones actuando principalmente en la iluminaci\u00f3n y energ\u00edas renovables.[\/vc_column_text][\/vc_column][\/vc_row][vc_row][vc_column]<div class=\"vcex-module vcex-divider vcex-divider-solid\" style=\"width:100%;border-top-width:1px;border-color:#9e9e9e;\"><\/div>[\/vc_column][\/vc_row][vc_row][vc_column width=&#8221;1\/4&#8243;][vc_column_text font_size=&#8221;20&#8243; font_weight=&#8221;700&#8243;]\n<p style=\"text-align: center;\">GESTI\u00d3N INTEGRAL DE RESIDUOS AUTOMOVIL\u00cdSTICOS E INDUSTRIAS<\/p>\n[\/vc_column_text]<div class=\"vcex-image vcex-module vcex-clr textcenter\"><span class=\"vcex-image-inner vc_custom_1548665042001\"><img src=\"https:\/\/www.grup-gbi.com\/wp-content\/uploads\/2019\/01\/4_gbi_serveis_municipis-7.jpg\" data-no-retina width=\"288\" height=\"214\" \/><\/span><\/div>[\/vc_column][vc_column width=&#8221;3\/4&#8243;][vc_column_text font_size=&#8221;16px&#8221; line_height=&#8221;25px&#8221; font_weight=&#8221;500&#8243; css=&#8221;.vc_custom_1548748363014{padding-top: 30px !important;}&#8221; color=&#8221;#000000&#8243;]Servicio general de gesti\u00f3n integral de residuos (recogida, log\u00edstica y tratamiento), los talleres automovil\u00edsticos e industrias de toda Catalu\u00f1a.[\/vc_column_text][\/vc_column][\/vc_row]\n<\/section>","protected":false},"excerpt":{"rendered":"<p>[vc_row full_width=&#8221;stretch_row_content_no_spaces&#8221; css=&#8221;.vc_custom_1548407463928{background-position: center !important;background-repeat: no-repeat !important;background-size: cover !important;}&#8221;][vc_column][vc_column_text color=&#8221;#ffffff&#8221; font_size=&#8221;d:70|tl:60|tp:40|pl:30|pp:30&#8243; font_weight=&#8221;700&#8243; el_class=&#8221;header-title-section&#8221;]Servicios para empresas, industrias y equipamientos[\/vc_column_text][\/vc_column][\/vc_row][vc_row][vc_column width=&#8221;2\/3&#8243;][vc_column_text font_size=&#8221;40px&#8221; font_weight=&#8221;600&#8243; color=&#8221;#000000&#8243; line_height=&#8221;40px&#8221;]Con voluntad de dar un servicio eficaz a empresas, industrias y equipamientos las empresas del grupo GBI Grup,&hellip;<\/p>\n","protected":false},"author":2,"featured_media":0,"parent":0,"menu_order":0,"comment_status":"closed","ping_status":"closed","template":"","meta":[],"_links":{"self":[{"href":"https:\/\/www.grup-gbi.com\/es\/wp-json\/wp\/v2\/pages\/245\/"}],"collection":[{"href":"https:\/\/www.grup-gbi.com\/es\/wp-json\/wp\/v2\/pages\/"}],"about":[{"href":"https:\/\/www.grup-gbi.com\/es\/wp-json\/wp\/v2\/types\/page\/"}],"author":[{"embeddable":true,"href":"https:\/\/www.grup-gbi.com\/es\/wp-json\/wp\/v2\/users\/2\/"}],"replies":[{"embeddable":true,"href":"https:\/\/www.grup-gbi.com\/es\/wp-json\/wp\/v2\/comments\/?post=245"}],"version-history":[{"count":6,"href":"https:\/\/www.grup-gbi.com\/es\/wp-json\/wp\/v2\/pages\/245\/revisions\/"}],"predecessor-version":[{"id":2847,"href":"https:\/\/www.grup-gbi.com\/es\/wp-json\/wp\/v2\/pages\/245\/revisions\/2847\/"}],"wp:attachment":[{"href":"https:\/\/www.grup-gbi.com\/es\/wp-json\/wp\/v2\/media\/?parent=245"}],"curies":[{"name":"wp","href":"https:\/\/api.w.org\/{rel}","templated":true}]}}