{"id":249,"date":"2017-07-26T14:34:18","date_gmt":"2017-07-26T14:34:18","guid":{"rendered":"http:\/\/www.grup-gbi.com\/?page_id=249"},"modified":"2023-07-04T11:19:19","modified_gmt":"2023-07-04T11:19:19","slug":"servicios-para-municipios","status":"publish","type":"page","link":"https:\/\/www.grup-gbi.com\/es\/servicios-para-municipios\/","title":{"rendered":"Servicios para municipios"},"content":{"rendered":"<section class=\"wpb-content-wrapper\">[vc_row full_width=&#8221;stretch_row_content_no_spaces&#8221; css=&#8221;.vc_custom_1548407463928{background-position: center !important;background-repeat: no-repeat !important;background-size: cover !important;}&#8221;][vc_column]<div class=\"vcex-image vcex-module vcex-clr max-height-image-header\"><span class=\"vcex-image-inner\" style=\"width:100%;\"><img src=\"https:\/\/www.grup-gbi.com\/wp-content\/uploads\/2019\/01\/gbi_header_serveis-municipis-1280x250.jpg\" data-no-retina width=\"1280\" height=\"250\" \/><\/span><\/div>[vc_column_text color=&#8221;#ffffff&#8221; font_size=&#8221;d:70|tl:60|tp:40|pl:30|pp:30&#8243; font_weight=&#8221;700&#8243; el_class=&#8221;header-title-section&#8221;]Servicios para municipios[\/vc_column_text][\/vc_column][\/vc_row][vc_row][vc_column width=&#8221;2\/3&#8243;][vc_column_text font_size=&#8221;40px&#8221; font_weight=&#8221;600&#8243; color=&#8221;#000000&#8243; line_height=&#8221;40px&#8221;]GBI PAPREC conoce y analiza las necesidades de los municipios d\u00e1ndoles respuestas de manera eficiente y eficaz, consiguiendo un \u00f3ptimo grado de satisfacci\u00f3n ciudadana.[\/vc_column_text][vc_column_text font_size=&#8221;16px&#8221; line_height=&#8221;25px&#8221; font_weight=&#8221;500&#8243; css=&#8221;.vc_custom_1651073690097{padding-top: 30px !important;}&#8221; color=&#8221;#000000&#8243;]Disponemos del mejor personal t\u00e9cnico y la mejor tecnolog\u00eda que aseguran la calidad en la recogida de residuos y su correspondiente tratamiento, la limpieza viaria, la limpieza de las playas, as\u00ed como el mantenimiento del alumbrado p\u00fablico y de las zonas verdes de cualquier municipio. Damos una respuesta integral a cualquier necesidad municipal con:<\/p>\n<ul>\n<li>Rutas de recogida de residuos: planificaci\u00f3n y control.<\/li>\n<li>Infraestructura y medios innovadores.<\/li>\n<li>Personal especializado.<\/li>\n<li>Control presupuestario de cualquier acci\u00f3n.<\/li>\n<\/ul>\n[\/vc_column_text][\/vc_column][vc_column width=&#8221;1\/3&#8243;][\/vc_column][\/vc_row][vc_row][vc_column]<div class=\"vcex-module vcex-divider vcex-divider-solid\" style=\"width:100%;border-top-width:1px;border-color:#9e9e9e;\"><\/div>[\/vc_column][\/vc_row][vc_row][vc_column width=&#8221;1\/4&#8243;][vc_column_text font_size=&#8221;20&#8243; font_weight=&#8221;700&#8243;]\n<p style=\"text-align: center;\">RECOGIDA DE RESIDUOS<\/p>\n[\/vc_column_text]<div class=\"vcex-image vcex-module vcex-clr textcenter\"><span class=\"vcex-image-inner vc_custom_1548663942385\"><img src=\"https:\/\/www.grup-gbi.com\/wp-content\/uploads\/2019\/01\/gbi_serveis_municipis-1.jpg\" data-no-retina width=\"288\" height=\"214\" \/><\/span><\/div>[\/vc_column][vc_column width=&#8221;3\/4&#8243;][vc_column_text font_size=&#8221;16px&#8221; line_height=&#8221;25px&#8221; font_weight=&#8221;500&#8243; css=&#8221;.vc_custom_1548746020523{padding-top: 30px !important;}&#8221; color=&#8221;#000000&#8243;]Vaciado de contenedores urbanos con veh\u00edculos especializados y personal de limpieza. Trabajamos para dar soluciones al aumento de residuos industriales y dom\u00e9sticos generados por el desarrollo y constante crecimiento econ\u00f3mico de nuestra sociedad.[\/vc_column_text][\/vc_column][\/vc_row][vc_row][vc_column]<div class=\"vcex-module vcex-divider vcex-divider-solid\" style=\"width:100%;border-top-width:1px;border-color:#9e9e9e;\"><\/div>[\/vc_column][\/vc_row][vc_row][vc_column width=&#8221;1\/4&#8243;][vc_column_text font_size=&#8221;20&#8243; font_weight=&#8221;700&#8243;]\n<p style=\"text-align: center;\">RECOGIDA SELECTIVA<\/p>\n[\/vc_column_text]<div class=\"vcex-image vcex-module vcex-clr textcenter\"><span class=\"vcex-image-inner vc_custom_1548664071994\"><img src=\"https:\/\/www.grup-gbi.com\/wp-content\/uploads\/2019\/01\/gbi_serveis_municipis-7.jpg\" data-no-retina width=\"288\" height=\"214\" \/><\/span><\/div>[\/vc_column][vc_column width=&#8221;3\/4&#8243;][vc_column_text font_size=&#8221;16px&#8221; line_height=&#8221;25px&#8221; font_weight=&#8221;500&#8243; css=&#8221;.vc_custom_1548746032864{padding-top: 30px !important;}&#8221; color=&#8221;#000000&#8243;]Vaciado de contenedores de materia org\u00e1nica, papel, cart\u00f3n, envases, vidrio \u2026 Somos l\u00edderes en la recogida selectiva puerta a puerta. Utilizamos la maquinaria m\u00e1s moderna y especializada seg\u00fan el volumen y las caracter\u00edsticas de los residuos, utilizando el equipo m\u00e1s adecuado en cada caso (contenedores, compactadores \u2026) Tenemos especial cuidado de los residuos que contienen material contaminante o peligroso.[\/vc_column_text][\/vc_column][\/vc_row][vc_row][vc_column]<div class=\"vcex-module vcex-divider vcex-divider-solid\" style=\"width:100%;border-top-width:1px;border-color:#9e9e9e;\"><\/div>[\/vc_column][\/vc_row][vc_row][vc_column width=&#8221;1\/4&#8243;][vc_column_text font_size=&#8221;20&#8243; font_weight=&#8221;700&#8243;]\n<p style=\"text-align: center;\">LIMPIEZA VIARIA<\/p>\n[\/vc_column_text]<div class=\"vcex-image vcex-module vcex-clr textcenter\"><span class=\"vcex-image-inner vc_custom_1548664112570\"><img src=\"https:\/\/www.grup-gbi.com\/wp-content\/uploads\/2019\/01\/gbi_serveis_municipis-2.jpg\" data-no-retina width=\"288\" height=\"214\" \/><\/span><\/div>[\/vc_column][vc_column width=&#8221;3\/4&#8243;][vc_column_text font_size=&#8221;16px&#8221; line_height=&#8221;25px&#8221; font_weight=&#8221;500&#8243; css=&#8221;.vc_custom_1548746045471{padding-top: 30px !important;}&#8221; color=&#8221;#000000&#8243;]Mantenimiento y limpieza manual y autom\u00e1tica de calles, papeleras \u2026 Con los mejores avances tecnol\u00f3gicos, buscamos la manera de optimizar la limpieza incorporando productos innovadores y nuestra experiencia. Buscamos, con los costes m\u00e1s ajustados, la mejor soluci\u00f3n a cualquier necesidad.[\/vc_column_text][\/vc_column][\/vc_row][vc_row][vc_column]<div class=\"vcex-module vcex-divider vcex-divider-solid\" style=\"width:100%;border-top-width:1px;border-color:#9e9e9e;\"><\/div>[\/vc_column][\/vc_row][vc_row][vc_column width=&#8221;1\/4&#8243;][vc_column_text font_size=&#8221;20&#8243; font_weight=&#8221;700&#8243;]\n<p style=\"text-align: center;\">LIMPIEZA DE PLAYAS<\/p>\n[\/vc_column_text]<div class=\"vcex-image vcex-module vcex-clr textcenter\"><span class=\"vcex-image-inner vc_custom_1548664157615\"><img src=\"https:\/\/www.grup-gbi.com\/wp-content\/uploads\/2019\/01\/1_gbi_serveis_municipis-5.jpg\" data-no-retina width=\"288\" height=\"214\" \/><\/span><\/div>[\/vc_column][vc_column width=&#8221;3\/4&#8243;][vc_column_text font_size=&#8221;16px&#8221; line_height=&#8221;25px&#8221; font_weight=&#8221;500&#8243; css=&#8221;.vc_custom_1548746119811{padding-top: 30px !important;}&#8221; color=&#8221;#000000&#8243;]Cribado y limpieza de la arena con agua de mar y con maquinaria espec\u00edfica y servicios manuales de limpieza del entorno. Disponemos de barcos recolectores para la recogida de residuos en el agua que hacen que nuestro trabajo favorezca a superar los controles de calidad y lograr la bandera azul que certifica el buen estado de las playas. El buen estado de las playas es la garant\u00eda para el buen desarrollo tur\u00edstico de nuestros municipios.[\/vc_column_text][\/vc_column][\/vc_row][vc_row][vc_column]<div class=\"vcex-module vcex-divider vcex-divider-solid\" style=\"width:100%;border-top-width:1px;border-color:#9e9e9e;\"><\/div>[\/vc_column][\/vc_row][vc_row][vc_column width=&#8221;1\/4&#8243;][vc_column_text font_size=&#8221;20&#8243; font_weight=&#8221;700&#8243;]\n<p style=\"text-align: center;\">TRATAMIENTO DE RESIDUOS<\/p>\n[\/vc_column_text]<div class=\"vcex-image vcex-module vcex-clr textcenter\"><span class=\"vcex-image-inner vc_custom_1548664237942\"><img src=\"https:\/\/www.grup-gbi.com\/wp-content\/uploads\/2019\/01\/gbi_serveis_municipis-5.jpg\" data-no-retina width=\"288\" height=\"214\" \/><\/span><\/div>[\/vc_column][vc_column width=&#8221;3\/4&#8243;][vc_column_text font_size=&#8221;16px&#8221; line_height=&#8221;25px&#8221; font_weight=&#8221;500&#8243; css=&#8221;.vc_custom_1548746202370{padding-top: 30px !important;}&#8221; color=&#8221;#000000&#8243;]Somos expertos en el dise\u00f1o, la construcci\u00f3n y el mantenimiento de cualquier instalaci\u00f3n para el tratamiento de residuos de acuerdo con la normativa vigente. Llevamos la gesti\u00f3n integral de los vertederos haciendo la recogida de basuras y la descarga. Utilizamos sistema de vertederos tradicionales y prensado de balas de basura. Conseguimos el m\u00e1ximo rendimiento de los residuos promoviendo su utilizaci\u00f3n como energ\u00edas alternativas: biog\u00e1s, lixiviados.[\/vc_column_text][\/vc_column][\/vc_row][vc_row][vc_column]<div class=\"vcex-module vcex-divider vcex-divider-solid\" style=\"width:100%;border-top-width:1px;border-color:#9e9e9e;\"><\/div>[\/vc_column][\/vc_row][vc_row][vc_column width=&#8221;1\/4&#8243;][vc_column_text font_size=&#8221;20&#8243; font_weight=&#8221;700&#8243;]\n<p style=\"text-align: center;\">ILUMINACI\u00d3N<\/p>\n[\/vc_column_text]<div class=\"vcex-image vcex-module vcex-clr textcenter\"><span class=\"vcex-image-inner vc_custom_1548664276679\"><img src=\"https:\/\/www.grup-gbi.com\/wp-content\/uploads\/2019\/01\/gbi_serveis_municipis-8.jpg\" data-no-retina width=\"288\" height=\"214\" \/><\/span><\/div>[\/vc_column][vc_column width=&#8221;3\/4&#8243;][vc_column_text font_size=&#8221;16px&#8221; line_height=&#8221;25px&#8221; font_weight=&#8221;500&#8243; css=&#8221;.vc_custom_1548748015738{padding-top: 30px !important;}&#8221; color=&#8221;#000000&#8243;]Dise\u00f1amos los proyectos de iluminaci\u00f3n seg\u00fan las caracter\u00edsticas y necesidades de cada municipio y nos encargamos de toda la gesti\u00f3n y el mantenimiento.[\/vc_column_text][\/vc_column][\/vc_row][vc_row][vc_column]<div class=\"vcex-module vcex-divider vcex-divider-solid\" style=\"width:100%;border-top-width:1px;border-color:#9e9e9e;\"><\/div>[\/vc_column][\/vc_row][vc_row][vc_column width=&#8221;1\/4&#8243;][vc_column_text font_size=&#8221;20&#8243; font_weight=&#8221;700&#8243;]\n<p style=\"text-align: center;\">MOBILIARIO URBANO<\/p>\n[\/vc_column_text]<div class=\"vcex-image vcex-module vcex-clr textcenter\"><span class=\"vcex-image-inner vc_custom_1548664327814\"><img src=\"https:\/\/www.grup-gbi.com\/wp-content\/uploads\/2019\/01\/ProveColomer000909.jpg\" data-no-retina width=\"539\" height=\"359\" \/><\/span><\/div>[\/vc_column][vc_column width=&#8221;3\/4&#8243;][vc_column_text font_size=&#8221;16px&#8221; line_height=&#8221;25px&#8221; font_weight=&#8221;500&#8243; css=&#8221;.vc_custom_1548748160694{padding-top: 30px !important;}&#8221; color=&#8221;#000000&#8243;]Programamos y proyectamos remodelaciones y cambios en el mobiliario urbano y parques infantiles adecu\u00e1ndonos a las necesidades de los municipios y en todas las franjas de edad implicadas. Utilizamos los mejores materiales garantizando el cumplimiento de todas las normativas y nos encargamos de su mantenimiento.[\/vc_column_text][\/vc_column][\/vc_row][vc_row][vc_column]<div class=\"vcex-module vcex-divider vcex-divider-solid\" style=\"width:100%;border-top-width:1px;border-color:#9e9e9e;\"><\/div>[\/vc_column][\/vc_row][vc_row][vc_column width=&#8221;1\/4&#8243;][vc_column_text font_size=&#8221;20&#8243; font_weight=&#8221;700&#8243;]\n<p style=\"text-align: center;\">PARQUES Y JARDINES<\/p>\n[\/vc_column_text]<div class=\"vcex-image vcex-module vcex-clr textcenter\"><span class=\"vcex-image-inner vc_custom_1548664372618\"><img src=\"https:\/\/www.grup-gbi.com\/wp-content\/uploads\/2019\/01\/2_gbi_serveis_municipis-4.jpg\" data-no-retina width=\"288\" height=\"214\" \/><\/span><\/div>[\/vc_column][vc_column width=&#8221;3\/4&#8243;][vc_column_text font_size=&#8221;16px&#8221; line_height=&#8221;25px&#8221; font_weight=&#8221;500&#8243; css=&#8221;.vc_custom_1548748177819{padding-top: 30px !important;}&#8221; color=&#8221;#000000&#8243;]Coordinamos la conservaci\u00f3n y mantenimiento de los parques y jardines de los municipios y dise\u00f1amos y proyectamos nuevas zonas verdes que sean de inter\u00e9s.[\/vc_column_text][\/vc_column][\/vc_row]\n<\/section>","protected":false},"excerpt":{"rendered":"<p>[vc_row full_width=&#8221;stretch_row_content_no_spaces&#8221; css=&#8221;.vc_custom_1548407463928{background-position: center !important;background-repeat: no-repeat !important;background-size: cover !important;}&#8221;][vc_column][vc_column_text color=&#8221;#ffffff&#8221; font_size=&#8221;d:70|tl:60|tp:40|pl:30|pp:30&#8243; font_weight=&#8221;700&#8243; el_class=&#8221;header-title-section&#8221;]Servicios para municipios[\/vc_column_text][\/vc_column][\/vc_row][vc_row][vc_column width=&#8221;2\/3&#8243;][vc_column_text font_size=&#8221;40px&#8221; font_weight=&#8221;600&#8243; color=&#8221;#000000&#8243; line_height=&#8221;40px&#8221;]GBI PAPREC conoce y analiza las necesidades de los municipios d\u00e1ndoles respuestas de manera eficiente y eficaz, consiguiendo un \u00f3ptimo grado&hellip;<\/p>\n","protected":false},"author":2,"featured_media":0,"parent":0,"menu_order":0,"comment_status":"closed","ping_status":"closed","template":"","meta":[],"_links":{"self":[{"href":"https:\/\/www.grup-gbi.com\/es\/wp-json\/wp\/v2\/pages\/249\/"}],"collection":[{"href":"https:\/\/www.grup-gbi.com\/es\/wp-json\/wp\/v2\/pages\/"}],"about":[{"href":"https:\/\/www.grup-gbi.com\/es\/wp-json\/wp\/v2\/types\/page\/"}],"author":[{"embeddable":true,"href":"https:\/\/www.grup-gbi.com\/es\/wp-json\/wp\/v2\/users\/2\/"}],"replies":[{"embeddable":true,"href":"https:\/\/www.grup-gbi.com\/es\/wp-json\/wp\/v2\/comments\/?post=249"}],"version-history":[{"count":7,"href":"https:\/\/www.grup-gbi.com\/es\/wp-json\/wp\/v2\/pages\/249\/revisions\/"}],"predecessor-version":[{"id":2771,"href":"https:\/\/www.grup-gbi.com\/es\/wp-json\/wp\/v2\/pages\/249\/revisions\/2771\/"}],"wp:attachment":[{"href":"https:\/\/www.grup-gbi.com\/es\/wp-json\/wp\/v2\/media\/?parent=249"}],"curies":[{"name":"wp","href":"https:\/\/api.w.org\/{rel}","templated":true}]}}