{"id":255,"date":"2017-07-26T14:37:16","date_gmt":"2017-07-26T14:37:16","guid":{"rendered":"http:\/\/www.grup-gbi.com\/?page_id=255"},"modified":"2019-01-28T11:46:30","modified_gmt":"2019-01-28T11:46:30","slug":"actualidad","status":"publish","type":"page","link":"https:\/\/www.grup-gbi.com\/es\/actualidad\/","title":{"rendered":"Actualidad"},"content":{"rendered":"<section class=\"wpb-content-wrapper\">[vc_row][vc_column]<div class=\"vcex-blog-grid-wrap wpex-clr\"><div class=\"wpex-row vcex-blog-grid wpex-clr entries match-height-grid\" data-transition-duration=\"0.0\"><div class=\"vcex-blog-entry vcex-grid-item entry-has-details span_1_of_3 col-1 col post-3132 entry type-post has-media cat-2\"><div class=\"vcex-blog-entry-inner entry-inner wpex-clr\"><div class=\"vcex-blog-entry-media entry-media\"><img class=\"vcex-blog-entry-img\" src=\"https:\/\/www.grup-gbi.com\/wp-content\/uploads\/2024\/05\/WASTEINPROGRESS-400x400.jpg\" data-no-retina width=\"400\" height=\"400\" \/><\/div><div class=\"vcex-blog-entry-details entry-details wpex-clr\"><div class=\"match-height-content\"><h2 class=\"vcex-blog-entry-title entry-title\"><a href=\"https:\/\/www.grup-gbi.com\/gbi-paprec-present-a-la-6a-edicio-del-wasteinprogress-girona\/\">GBI PAPREC present a la 6\u00aa edici\u00f3 del Wasteinprogress &#8211; Girona<\/a><\/h2><div class=\"vcex-blog-entry-date\">abril 17, 2024<\/div><div class=\"vcex-blog-entry-excerpt entry-excerpt entry clr\"><p>A aquesta edici\u00f3 la tem\u00e0tica i objectiu del F\u00f2rum ha estat el d'avan\u00e7ar de manera&hellip;<\/p><\/div><div class=\"vcex-blog-entry-readmore-wrap entry-readmore-wrap clr\"><a href=\"https:\/\/www.grup-gbi.com\/gbi-paprec-present-a-la-6a-edicio-del-wasteinprogress-girona\/\" class=\"theme-button minimal-border\">Llegir m\u00e9s<\/a><\/div><\/div><\/div><\/div><\/div><div class=\"vcex-blog-entry vcex-grid-item entry-has-details span_1_of_3 col-2 col post-3107 entry type-post has-media cat-2\"><div class=\"vcex-blog-entry-inner entry-inner wpex-clr\"><div class=\"vcex-blog-entry-media entry-media\"><img class=\"vcex-blog-entry-img\" src=\"https:\/\/www.grup-gbi.com\/wp-content\/uploads\/2024\/05\/SALOU-1-e1715274007390-400x273.jpg\" data-no-retina width=\"400\" height=\"273\" \/><\/div><div class=\"vcex-blog-entry-details entry-details wpex-clr\"><div class=\"match-height-content\"><h2 class=\"vcex-blog-entry-title entry-title\"><a href=\"https:\/\/www.grup-gbi.com\/salou-formalitza-el-nou-contracte-de-neteja-amb-gbi-paprec-sa\/\">Salou formalitza el nou contracte de neteja amb GBI PAPREC, SA<\/a><\/h2><div class=\"vcex-blog-entry-date\">mar\u00e7 19, 2024<\/div><div class=\"vcex-blog-entry-excerpt entry-excerpt entry clr\"><p>GBI PAPREC en breu iniciar\u00e0 a la poblaci\u00f3 de Salou els serveis de recollida selectiva&hellip;<\/p><\/div><div class=\"vcex-blog-entry-readmore-wrap entry-readmore-wrap clr\"><a href=\"https:\/\/www.grup-gbi.com\/salou-formalitza-el-nou-contracte-de-neteja-amb-gbi-paprec-sa\/\" class=\"theme-button minimal-border\">Llegir m\u00e9s<\/a><\/div><\/div><\/div><\/div><\/div><div class=\"vcex-blog-entry vcex-grid-item entry-has-details span_1_of_3 col-3 col post-2972 entry type-post has-media cat-2\"><div class=\"vcex-blog-entry-inner entry-inner wpex-clr\"><div class=\"vcex-blog-entry-media entry-media\"><img class=\"vcex-blog-entry-img\" src=\"https:\/\/www.grup-gbi.com\/wp-content\/uploads\/2024\/02\/bon-nadal-400x400.jpg\" data-no-retina width=\"400\" height=\"400\" \/><\/div><div class=\"vcex-blog-entry-details entry-details wpex-clr\"><div class=\"match-height-content\"><h2 class=\"vcex-blog-entry-title entry-title\"><a href=\"https:\/\/www.grup-gbi.com\/gbi-paprec-us-desitja-bon-nadal\/\">GBI PAPREC US DESITJA BON NADAL<\/a><\/h2><div class=\"vcex-blog-entry-date\">febrer 23, 2024<\/div><div class=\"vcex-blog-entry-excerpt entry-excerpt entry clr\"><\/div><div class=\"vcex-blog-entry-readmore-wrap entry-readmore-wrap clr\"><a href=\"https:\/\/www.grup-gbi.com\/gbi-paprec-us-desitja-bon-nadal\/\" class=\"theme-button minimal-border\">Llegir m\u00e9s<\/a><\/div><\/div><\/div><\/div><\/div><div class=\"vcex-blog-entry vcex-grid-item entry-has-details span_1_of_3 col-1 col post-2936 entry type-post has-media cat-2\"><div class=\"vcex-blog-entry-inner entry-inner wpex-clr\"><div class=\"vcex-blog-entry-media entry-media\"><img class=\"vcex-blog-entry-img\" src=\"https:\/\/www.grup-gbi.com\/wp-content\/uploads\/2023\/10\/girocamping--e1698664715227-400x400.jpg\" data-no-retina width=\"400\" height=\"400\" \/><\/div><div class=\"vcex-blog-entry-details entry-details wpex-clr\"><div class=\"match-height-content\"><h2 class=\"vcex-blog-entry-title entry-title\"><a href=\"https:\/\/www.grup-gbi.com\/participacio-de-gbi-paprec-a-girocamping\/\">PARTICIPACI\u00d3 DE GBI PAPREC A GIROCAMPING<\/a><\/h2><div class=\"vcex-blog-entry-date\">setembre 28, 2023<\/div><div class=\"vcex-blog-entry-excerpt entry-excerpt entry clr\"><p>La inauguraci\u00f3 de la cinquena edici\u00f3 del congr\u00e9s de Girocamping ha reunit a prop de&hellip;<\/p><\/div><div class=\"vcex-blog-entry-readmore-wrap entry-readmore-wrap clr\"><a href=\"https:\/\/www.grup-gbi.com\/participacio-de-gbi-paprec-a-girocamping\/\" class=\"theme-button minimal-border\">Llegir m\u00e9s<\/a><\/div><\/div><\/div><\/div><\/div><div class=\"vcex-blog-entry vcex-grid-item entry-has-details span_1_of_3 col-2 col post-2947 entry type-post has-media cat-2\"><div class=\"vcex-blog-entry-inner entry-inner wpex-clr\"><div class=\"vcex-blog-entry-media entry-media\"><img class=\"vcex-blog-entry-img\" src=\"https:\/\/www.grup-gbi.com\/wp-content\/uploads\/2023\/10\/vintage-medsub-e1698667935358.png\" data-no-retina width=\"350\" height=\"190\" \/><\/div><div class=\"vcex-blog-entry-details entry-details wpex-clr\"><div class=\"match-height-content\"><h2 class=\"vcex-blog-entry-title entry-title\"><a href=\"https:\/\/www.grup-gbi.com\/gbi-paprec-tambe-cuidem-del-mar\/\">GBI PAPREC &#8211; TAMB\u00c9 CUIDEM DEL MAR<\/a><\/h2><div class=\"vcex-blog-entry-date\">setembre 24, 2023<\/div><div class=\"vcex-blog-entry-excerpt entry-excerpt entry clr\"><p>Dins del programa de Vintage MedSub-23, GBI Paprec ha colaborat amb la neteja del fons&hellip;<\/p><\/div><div class=\"vcex-blog-entry-readmore-wrap entry-readmore-wrap clr\"><a href=\"https:\/\/www.grup-gbi.com\/gbi-paprec-tambe-cuidem-del-mar\/\" class=\"theme-button minimal-border\">Llegir m\u00e9s<\/a><\/div><\/div><\/div><\/div><\/div><div class=\"vcex-blog-entry vcex-grid-item entry-has-details span_1_of_3 col-3 col post-3135 entry type-post has-media cat-2\"><div class=\"vcex-blog-entry-inner entry-inner wpex-clr\"><div class=\"vcex-blog-entry-media entry-media\"><img class=\"vcex-blog-entry-img\" src=\"https:\/\/www.grup-gbi.com\/wp-content\/uploads\/2024\/05\/CLD-400x400.jpg\" data-no-retina width=\"400\" height=\"400\" \/><\/div><div class=\"vcex-blog-entry-details entry-details wpex-clr\"><div class=\"match-height-content\"><h2 class=\"vcex-blog-entry-title entry-title\"><a href=\"https:\/\/www.grup-gbi.com\/gbi-paprec-cld\/\">GBI PAPREC + CLD<\/a><\/h2><div class=\"vcex-blog-entry-date\">agost 2, 2023<\/div><div class=\"vcex-blog-entry-excerpt entry-excerpt entry clr\"><p>GBI Paprec-CLD \u00a0inicia la contracta de recollida i neteja de Barcelona, a trav\u00e9s de la&hellip;<\/p><\/div><div class=\"vcex-blog-entry-readmore-wrap entry-readmore-wrap clr\"><a href=\"https:\/\/www.grup-gbi.com\/gbi-paprec-cld\/\" class=\"theme-button minimal-border\">Llegir m\u00e9s<\/a><\/div><\/div><\/div><\/div><\/div><div class=\"vcex-blog-entry vcex-grid-item entry-has-details span_1_of_3 col-1 col post-2829 entry type-post has-media cat-2\"><div class=\"vcex-blog-entry-inner entry-inner wpex-clr\"><div class=\"vcex-blog-entry-media entry-media\"><img class=\"vcex-blog-entry-img\" src=\"https:\/\/www.grup-gbi.com\/wp-content\/uploads\/2023\/09\/FOTO--scaled-e1695376942448-400x333.jpg\" data-no-retina width=\"400\" height=\"333\" \/><\/div><div class=\"vcex-blog-entry-details entry-details wpex-clr\"><div class=\"match-height-content\"><h2 class=\"vcex-blog-entry-title entry-title\"><a href=\"https:\/\/www.grup-gbi.com\/festival-cruilla-barcelona-2023\/\">FESTIVAL CRU\u00cfLLA BARCELONA 2023<\/a><\/h2><div class=\"vcex-blog-entry-date\">juliol 9, 2023<\/div><div class=\"vcex-blog-entry-excerpt entry-excerpt entry clr\"><\/div><div class=\"vcex-blog-entry-readmore-wrap entry-readmore-wrap clr\"><a href=\"https:\/\/www.grup-gbi.com\/festival-cruilla-barcelona-2023\/\" class=\"theme-button minimal-border\">Llegir m\u00e9s<\/a><\/div><\/div><\/div><\/div><\/div><div class=\"vcex-blog-entry vcex-grid-item entry-has-details span_1_of_3 col-2 col post-2788 entry type-post has-media cat-2\"><div class=\"vcex-blog-entry-inner entry-inner wpex-clr\"><div class=\"vcex-blog-entry-media entry-media\"><img class=\"vcex-blog-entry-img\" src=\"https:\/\/www.grup-gbi.com\/wp-content\/uploads\/2023\/09\/IMG_20230420_102555-scaled-e1694619891369-400x400.jpg\" data-no-retina width=\"400\" height=\"400\" \/><\/div><div class=\"vcex-blog-entry-details entry-details wpex-clr\"><div class=\"match-height-content\"><h2 class=\"vcex-blog-entry-title entry-title\"><a href=\"https:\/\/www.grup-gbi.com\/gbi-paprec-en-el-waste-in-progress-2023\/\">GBI PAPREC al Waste in Progress 2023<\/a><\/h2><div class=\"vcex-blog-entry-date\">abril 22, 2023<\/div><div class=\"vcex-blog-entry-excerpt entry-excerpt entry clr\"><p>La cinquena edici\u00f3 del congr\u00e9s Waste in Progress ha tingut lloc els dies 18, 19&hellip;<\/p><\/div><div class=\"vcex-blog-entry-readmore-wrap entry-readmore-wrap clr\"><a href=\"https:\/\/www.grup-gbi.com\/gbi-paprec-en-el-waste-in-progress-2023\/\" class=\"theme-button minimal-border\">Llegir m\u00e9s<\/a><\/div><\/div><\/div><\/div><\/div><div class=\"vcex-blog-entry vcex-grid-item entry-has-details span_1_of_3 col-3 col post-2820 entry type-post has-media cat-2\"><div class=\"vcex-blog-entry-inner entry-inner wpex-clr\"><div class=\"vcex-blog-entry-media entry-media\"><img class=\"vcex-blog-entry-img\" src=\"https:\/\/www.grup-gbi.com\/wp-content\/uploads\/2023\/09\/paprec_Pagina_1-e1698668180416.jpg\" data-no-retina width=\"400\" height=\"243\" \/><\/div><div class=\"vcex-blog-entry-details entry-details wpex-clr\"><div class=\"match-height-content\"><h2 class=\"vcex-blog-entry-title entry-title\"><a href=\"https:\/\/www.grup-gbi.com\/gbi-paprec\/\">GBI PAPREC, SA<\/a><\/h2><div class=\"vcex-blog-entry-date\">abril 1, 2023<\/div><div class=\"vcex-blog-entry-excerpt entry-excerpt entry clr\"><\/div><div class=\"vcex-blog-entry-readmore-wrap entry-readmore-wrap clr\"><a href=\"https:\/\/www.grup-gbi.com\/gbi-paprec\/\" class=\"theme-button minimal-border\">Llegir m\u00e9s<\/a><\/div><\/div><\/div><\/div><\/div><\/div><div class=\"wpex-pagination wpex-clr textleft\"><ul class='page-numbers'>\n\t<li><span aria-current=\"page\" class=\"page-numbers current\"><span class=\"screen-reader-text\">Page <\/span>1<\/span><\/li>\n\t<li><a class=\"page-numbers\" href=\"https:\/\/www.grup-gbi.com\/es\/wp-json\/wp\/v2\/pages\/255\/page\/2\/\"><span class=\"screen-reader-text\">Page <\/span>2<\/a><\/li>\n\t<li><a class=\"page-numbers\" href=\"https:\/\/www.grup-gbi.com\/es\/wp-json\/wp\/v2\/pages\/255\/page\/3\/\"><span class=\"screen-reader-text\">Page <\/span>3<\/a><\/li>\n\t<li><a class=\"page-numbers\" href=\"https:\/\/www.grup-gbi.com\/es\/wp-json\/wp\/v2\/pages\/255\/page\/4\/\"><span class=\"screen-reader-text\">Page <\/span>4<\/a><\/li>\n\t<li><span class=\"page-numbers dots\">&hellip;<\/span><\/li>\n\t<li><a class=\"page-numbers\" href=\"https:\/\/www.grup-gbi.com\/es\/wp-json\/wp\/v2\/pages\/255\/page\/8\/\"><span class=\"screen-reader-text\">Page <\/span>8<\/a><\/li>\n\t<li><a class=\"next page-numbers\" href=\"https:\/\/www.grup-gbi.com\/es\/wp-json\/wp\/v2\/pages\/255\/page\/2\/\"><span class=\"ticon ticon-angle-right\" aria-hidden=\"true\"><\/span><span class=\"screen-reader-text\">Next<\/span><\/a><\/li>\n<\/ul>\n<\/div><\/div>[\/vc_column][\/vc_row]\n<\/section>","protected":false},"excerpt":{"rendered":"<p>[vc_row][vc_column][\/vc_column][\/vc_row]<\/p>\n","protected":false},"author":2,"featured_media":0,"parent":0,"menu_order":0,"comment_status":"closed","ping_status":"closed","template":"","meta":[],"_links":{"self":[{"href":"https:\/\/www.grup-gbi.com\/es\/wp-json\/wp\/v2\/pages\/255\/"}],"collection":[{"href":"https:\/\/www.grup-gbi.com\/es\/wp-json\/wp\/v2\/pages\/"}],"about":[{"href":"https:\/\/www.grup-gbi.com\/es\/wp-json\/wp\/v2\/types\/page\/"}],"author":[{"embeddable":true,"href":"https:\/\/www.grup-gbi.com\/es\/wp-json\/wp\/v2\/users\/2\/"}],"replies":[{"embeddable":true,"href":"https:\/\/www.grup-gbi.com\/es\/wp-json\/wp\/v2\/comments\/?post=255"}],"version-history":[{"count":2,"href":"https:\/\/www.grup-gbi.com\/es\/wp-json\/wp\/v2\/pages\/255\/revisions\/"}],"predecessor-version":[{"id":766,"href":"https:\/\/www.grup-gbi.com\/es\/wp-json\/wp\/v2\/pages\/255\/revisions\/766\/"}],"wp:attachment":[{"href":"https:\/\/www.grup-gbi.com\/es\/wp-json\/wp\/v2\/media\/?parent=255"}],"curies":[{"name":"wp","href":"https:\/\/api.w.org\/{rel}","templated":true}]}}