{"id":3075,"date":"2024-03-28T08:48:48","date_gmt":"2024-03-28T08:48:48","guid":{"rendered":"https:\/\/www.grup-gbi.com\/?page_id=3075"},"modified":"2024-03-28T08:48:48","modified_gmt":"2024-03-28T08:48:48","slug":"formulario-del-canal-de-denuncias","status":"publish","type":"page","link":"https:\/\/www.grup-gbi.com\/es\/formulario-del-canal-de-denuncias\/","title":{"rendered":"Formulario del Canal de denuncias"},"content":{"rendered":"<p><img loading=\"lazy\" class=\"alignnone size-medium wp-image-3059\" src=\"https:\/\/www.grup-gbi.com\/wp-content\/uploads\/2024\/03\/logo-gbi-paprec-300x59.jpg\" alt=\"\" width=\"300\" height=\"59\" srcset=\"https:\/\/www.grup-gbi.com\/wp-content\/uploads\/2024\/03\/logo-gbi-paprec-300x59.jpg 300w, https:\/\/www.grup-gbi.com\/wp-content\/uploads\/2024\/03\/logo-gbi-paprec.jpg 500w\" sizes=\"(max-width: 300px) 100vw, 300px\" \/><\/p>\n<div class=\"wpforms-container wpforms-container-full wpforms-render-modern\" id=\"wpforms-3061\"><form id=\"wpforms-form-3061\" class=\"wpforms-validate wpforms-form wpforms-ajax-form\" data-formid=\"3061\" method=\"post\" enctype=\"multipart\/form-data\" action=\"\/es\/wp-json\/wp\/v2\/pages\/3075\/?wpforms_form_id=3061\" data-token=\"1ad7f252008a3294b8bbc049fb4266be\"><noscript class=\"wpforms-error-noscript\">Activeu el JavaScript al navegador per a poder completar el formulari.<\/noscript><div class=\"wpforms-hidden\" id=\"wpforms-error-noscript\">Activeu el JavaScript al navegador per a poder completar el formulari.<\/div><div class=\"wpforms-field-container\"><div id=\"wpforms-3061-field_22-container\" class=\"wpforms-field wpforms-field-html\" data-field-id=\"22\"><div id=\"wpforms-3061-field_22\" aria-errormessage=\"wpforms-3061-field_22-error\"><div class=\"wpforms-field-label\">CANAL DE DENUNCIAS O CANAL INTERNO DE INFORMACI\u00d3N DE LAS ENTIDADES PERTENECIENTES A GRUPO PAPREC<\/div><br \/>\r\n\r\n<\/p><p><strong>Este canal de Informaci\u00f3n est\u00e1 exclusivamente dirigido a recoger e identificar conductas irregulares dentro de las sociedades pertenecientes al Grupo Paprec.<\/strong><\/p><br \/>\r\n\r\n\r\n<p>Enviar una denuncia implica manifestar cualquier acci\u00f3n u omisi\u00f3n ilegal o irregular grave o muy grave realizada por cualquier sociedad perteneciente al Grupo Paprec o las personas pertenecientes al mismo. Toda informaci\u00f3n o comunicaci\u00f3n recibida ser\u00e1 analizada y tramitada de acuerdo a lo establecido en nuestra <strong>pol\u00edtica del canal de denuncias.<\/strong>\r\n<\/p><\/div><\/div><div id=\"wpforms-3061-field_18-container\" class=\"wpforms-field wpforms-field-checkbox\" data-field-id=\"18\"><fieldset><legend class=\"wpforms-field-label\">Seleccione el tipo de denuncia: <span class=\"wpforms-required-label\" aria-hidden=\"true\">*<\/span><\/legend><ul id=\"wpforms-3061-field_18\" class=\"wpforms-field-required\" data-choice-limit=\"1\"><li class=\"choice-1 depth-1\"><input type=\"checkbox\" id=\"wpforms-3061-field_18_1\" data-rule-check-limit=\"true\" name=\"wpforms[fields][18][]\" value=\"Denuncia\" aria-errormessage=\"wpforms-3061-field_18_1-error\" required ><label class=\"wpforms-field-label-inline\" for=\"wpforms-3061-field_18_1\">Denuncia<\/label><\/li><li class=\"choice-2 depth-1\"><input type=\"checkbox\" id=\"wpforms-3061-field_18_2\" data-rule-check-limit=\"true\" name=\"wpforms[fields][18][]\" value=\"Denuncia de acoso sexual o por raz\u00f3n de sexo (hay que descargar el documento correspondiente debajo y adjuntarlo rellenado)\" aria-errormessage=\"wpforms-3061-field_18_2-error\" required ><label class=\"wpforms-field-label-inline\" for=\"wpforms-3061-field_18_2\">Denuncia de acoso sexual o por raz\u00f3n de sexo (hay que descargar el documento correspondiente debajo y adjuntarlo rellenado)<\/label><\/li><li class=\"choice-3 depth-1\"><input type=\"checkbox\" id=\"wpforms-3061-field_18_3\" data-rule-check-limit=\"true\" name=\"wpforms[fields][18][]\" value=\"Denuncia por violencia laboral o acoso laboral (hay que descargar documento correspondiente debajo y adjuntarlo rellenado)\" aria-errormessage=\"wpforms-3061-field_18_3-error\" required ><label class=\"wpforms-field-label-inline\" for=\"wpforms-3061-field_18_3\">Denuncia por violencia laboral o acoso laboral (hay que descargar documento correspondiente debajo y adjuntarlo rellenado)<\/label><\/li><\/ul><\/fieldset><\/div><div id=\"wpforms-3061-field_28-container\" class=\"wpforms-field wpforms-field-html\" data-field-id=\"28\"><div id=\"wpforms-3061-field_28\" aria-errormessage=\"wpforms-3061-field_28-error\"><div><p><strong><a target=\"_blank\" href=\"https:\/\/www.grup-gbi.com\/wp-content\/uploads\/2024\/03\/ModelAssetjamentSexual-ES.pdf\">DESCARGA EL DOCUMENTO DE DENUNCIA DE ACOSO SEXUAL O POR RAZ\u00d3N DE SEXO<\/a><\/strong><\/p><\/div><br \/>\r\n\r\n<div><p><strong><a target=\"_blank\" href=\"https:\/\/www.grup-gbi.com\/wp-content\/uploads\/2024\/03\/ANEXO-2-castellano.pdf\">DESCARGA EL DOCUMENTO DE DENUNCIA POR VIOLENCIA LABORAL O ACOSO LABORAL<\/a><\/strong><\/p><\/div><br \/><\/div><\/div><div id=\"wpforms-3061-field_32-container\" class=\"wpforms-field wpforms-field-html\" data-field-id=\"32\"><div id=\"wpforms-3061-field_32\" aria-errormessage=\"wpforms-3061-field_32-error\"><div class=\"wpforms-field-label\">DATOS PERSONALES<\/div><br \/>\r\n\r\n<\/p><p>Para poder hacer un seguimiento adecuado, se solicita esta informaci\u00f3n para poder contactar con la persona que informe. Es decisi\u00f3n del mismo proporcionarla o comunicar la informaci\u00f3n de forma an\u00f3nima, dado que los campos no son obligatorios, sin perjuicio dels supuesto en que una norma requiera datos identificativos o de contacto. \r\n<\/p><\/div><\/div><div id=\"wpforms-3061-field_0-container\" class=\"wpforms-field wpforms-field-name\" data-field-id=\"0\"><fieldset><legend class=\"wpforms-field-label\">Nombre y apellidos<\/legend><div class=\"wpforms-field-row wpforms-field-medium\"><div class=\"wpforms-field-row-block wpforms-first wpforms-one-half\"><input type=\"text\" id=\"wpforms-3061-field_0\" class=\"wpforms-field-name-first\" name=\"wpforms[fields][0][first]\" value=\"Nombre\" placeholder=\"Nombre\" aria-errormessage=\"wpforms-3061-field_0-error\" ><label for=\"wpforms-3061-field_0\" class=\"wpforms-field-sublabel after wpforms-sublabel-hide\">Nom<\/label><\/div><div class=\"wpforms-field-row-block wpforms-one-half\"><input type=\"text\" id=\"wpforms-3061-field_0-last\" class=\"wpforms-field-name-last\" name=\"wpforms[fields][0][last]\" value=\"Apellido\" placeholder=\"Apellido\" aria-errormessage=\"wpforms-3061-field_0-last-error\" ><label for=\"wpforms-3061-field_0-last\" class=\"wpforms-field-sublabel after wpforms-sublabel-hide\">Cognoms<\/label><\/div><\/div><\/fieldset><\/div><div id=\"wpforms-3061-field_1-container\" class=\"wpforms-field wpforms-field-email\" data-field-id=\"1\"><label class=\"wpforms-field-label\" for=\"wpforms-3061-field_1\">Correo electr\u00f3nico<\/label><input type=\"email\" id=\"wpforms-3061-field_1\" class=\"wpforms-field-medium\" name=\"wpforms[fields][1]\" spellcheck=\"false\" aria-errormessage=\"wpforms-3061-field_1-error\" ><\/div><div id=\"wpforms-3061-field_19-container\" class=\"wpforms-field wpforms-field-phone\" data-field-id=\"19\"><label class=\"wpforms-field-label\" for=\"wpforms-3061-field_19\">Tel\u00e9fono<\/label><input type=\"tel\" id=\"wpforms-3061-field_19\" class=\"wpforms-field-medium\" data-rule-int-phone-field=\"true\" name=\"wpforms[fields][19]\" aria-errormessage=\"wpforms-3061-field_19-error\" ><\/div><div id=\"wpforms-3061-field_33-container\" class=\"wpforms-field wpforms-field-html\" data-field-id=\"33\"><div id=\"wpforms-3061-field_33\" aria-errormessage=\"wpforms-3061-field_33-error\"><div class=\"wpforms-field-label\">INFORMACI\u00d3N O COMUNICACI\u00d3N GEN\u00c9RICA:<\/div><br \/>\r\n\r\n<\/p><p>Por favor, a continuaci\u00f3n, explique de forma clara y detallada los hechos que quiere informar o comunicar:<\/p><\/div><\/div><div id=\"wpforms-3061-field_2-container\" class=\"wpforms-field wpforms-field-textarea\" data-field-id=\"2\"><label class=\"wpforms-field-label\" for=\"wpforms-3061-field_2\">Hecho informado o comunicado: <span class=\"wpforms-required-label\" aria-hidden=\"true\">*<\/span><\/label><textarea id=\"wpforms-3061-field_2\" class=\"wpforms-field-medium wpforms-field-required\" name=\"wpforms[fields][2]\" aria-errormessage=\"wpforms-3061-field_2-error\" required><\/textarea><\/div><div id=\"wpforms-3061-field_23-container\" class=\"wpforms-field wpforms-field-date-time\" data-field-id=\"23\"><fieldset><legend class=\"wpforms-field-label\">Fecha y hora<\/legend><div class=\"wpforms-field-row wpforms-field-medium\"><div class=\"wpforms-field-row-block wpforms-date-type-datepicker\"><div class=\"wpforms-datepicker-wrap\"><input type=\"text\" id=\"wpforms-3061-field_23\" class=\"wpforms-field-date-time-date wpforms-datepicker\" data-date-format=\"d\/m\/Y\" data-disable-past-dates=\"0\" data-input=\"true\" name=\"wpforms[fields][23][date]\" aria-errormessage=\"wpforms-3061-field_23-error\" ><a title=\"Clear Date\" data-clear class=\"wpforms-datepicker-clear\" style=\"display:none;\"><\/a><\/div><label for=\"wpforms-3061-field_23\" class=\"wpforms-field-sublabel after wpforms-sublabel-hide\">Date<\/label><\/div><div class=\"wpforms-field-row-block\"><input type=\"text\" id=\"wpforms-3061-field_23-time\" class=\"wpforms-field-date-time-time wpforms-timepicker\" data-time-format=\"H:i\" data-step=\"30\" data-rule-time24h=\"true\" name=\"wpforms[fields][23][time]\" aria-errormessage=\"wpforms-3061-field_23-time-error\" ><label for=\"wpforms-3061-field_23-time\" class=\"wpforms-field-sublabel after wpforms-sublabel-hide\">Time<\/label><\/div><\/div><\/fieldset><\/div><div id=\"wpforms-3061-field_24-container\" class=\"wpforms-field wpforms-field-text\" data-field-id=\"24\"><label class=\"wpforms-field-label\" for=\"wpforms-3061-field_24\">Lugar<\/label><input type=\"text\" id=\"wpforms-3061-field_24\" class=\"wpforms-field-medium\" name=\"wpforms[fields][24]\" aria-errormessage=\"wpforms-3061-field_24-error\" ><\/div><div id=\"wpforms-3061-field_25-container\" class=\"wpforms-field wpforms-field-textarea\" data-field-id=\"25\"><label class=\"wpforms-field-label\" for=\"wpforms-3061-field_25\">Personas involucradas<\/label><textarea id=\"wpforms-3061-field_25\" class=\"wpforms-field-medium\" name=\"wpforms[fields][25]\" aria-errormessage=\"wpforms-3061-field_25-error\" ><\/textarea><\/div><div id=\"wpforms-3061-field_26-container\" class=\"wpforms-field wpforms-field-textarea\" data-field-id=\"26\"><label class=\"wpforms-field-label\" for=\"wpforms-3061-field_26\">Descripci\u00f3n detallada del hecho<\/label><textarea id=\"wpforms-3061-field_26\" class=\"wpforms-field-medium\" name=\"wpforms[fields][26]\" aria-errormessage=\"wpforms-3061-field_26-error\" ><\/textarea><\/div><div id=\"wpforms-3061-field_27-container\" class=\"wpforms-field wpforms-field-file-upload\" data-field-id=\"27\"><label class=\"wpforms-field-label\" for=\"wpforms-3061-field_27\">PRUEBAS DE LOS HECHOS INFORMADOS O COMUNICADOS :<\/label><div\n\t\tclass=\"wpforms-uploader\"\n\t\tdata-field-id=\"27\"\n\t\tdata-form-id=\"3061\"\n\t\tdata-input-name=\"wpforms_3061_27\"\n\t\tdata-extensions=\"pdf,doc,xls,jpg,png,heic,mp4,mov,avi\"\n\t\tdata-max-size=\"15728640\"\n\t\tdata-max-file-number=\"5\"\n\t\tdata-post-max-size=\"15728640\"\n\t\tdata-max-parallel-uploads=\"4\"\n\t\tdata-parallel-uploads=\"true\"\n\t\tdata-file-chunk-size=\"2097152\">\n\t<div class=\"dz-message\">\n\t\t<svg viewBox=\"0 0 1024 1024\" focusable=\"false\" data-icon=\"inbox\" width=\"50px\" height=\"50px\" fill=\"currentColor\" aria-hidden=\"true\">\n\t\t\t<path d=\"M885.2 446.3l-.2-.8-112.2-285.1c-5-16.1-19.9-27.2-36.8-27.2H281.2c-17 0-32.1 11.3-36.9 27.6L139.4 443l-.3.7-.2.8c-1.3 4.9-1.7 9.9-1 14.8-.1 1.6-.2 3.2-.2 4.8V830a60.9 60.9 0 0 0 60.8 60.8h627.2c33.5 0 60.8-27.3 60.9-60.8V464.1c0-1.3 0-2.6-.1-3.7.4-4.9 0-9.6-1.3-14.1zm-295.8-43l-.3 15.7c-.8 44.9-31.8 75.1-77.1 75.1-22.1 0-41.1-7.1-54.8-20.6S436 441.2 435.6 419l-.3-15.7H229.5L309 210h399.2l81.7 193.3H589.4zm-375 76.8h157.3c24.3 57.1 76 90.8 140.4 90.8 33.7 0 65-9.4 90.3-27.2 22.2-15.6 39.5-37.4 50.7-63.6h156.5V814H214.4V480.1z\"><\/path>\n\t\t<\/svg>\n\t\t<span class=\"modern-title\">Click or drag files to this area to upload.<\/span>\n\n\t\t\t\t\t<span class=\"modern-hint\">You can upload up to 5 files.<\/span>\n\t\t\t<\/div>\n<\/div>\n<input\n\t\ttype=\"text\"\n\t\tautocomplete=\"off\"\n\t\tclass=\"dropzone-input\"\n\t\tstyle=\"position:absolute!important;clip:rect(0,0,0,0)!important;height:1px!important;width:1px!important;border:0!important;overflow:hidden!important;padding:0!important;margin:0!important;\"\n\t\tid=\"wpforms-3061-field_27\"\n\t\tname=\"wpforms_3061_27\" \t\tvalue=\"\">\n<div id=\"wpforms-3061-field_27-description\" class=\"wpforms-field-description\">Si dispone de alguna prueba que acredite los hechos informados o comunicados, arrastre o seleccione aquellos archivos que quiera adjuntar.\r\n\r\n\r\nTipos de archivos admitidos:\r\n\u2022\tDocumentos (PDF, Word, Excel)\r\n\u2022\tIm\u00e1genes (JPG, PNG, HEIC)\r\n\u2022\tVideos (MP4, MOV, AVI)\r\n<\/div><\/div><div id=\"wpforms-3061-field_29-container\" class=\"wpforms-field wpforms-field-checkbox\" data-field-id=\"29\"><fieldset><legend class=\"wpforms-field-label\">Acceptar: <span class=\"wpforms-required-label\" aria-hidden=\"true\">*<\/span><\/legend><ul id=\"wpforms-3061-field_29\" class=\"wpforms-field-required\"><li class=\"choice-1 depth-1\"><input type=\"checkbox\" id=\"wpforms-3061-field_29_1\" name=\"wpforms[fields][29][]\" value=\"Al usar este formulario accedes al almacenamiento y gesti\u00f3n de tus datos por parte de esta web. Puedes consultar  &lt;a href=&quot;https:\/\/www.grup-gbi.com\/es\/aviso-legal\/&quot; target=&quot;_blank&quot;&gt;aqu\u00ed&lt;\/a&gt; la pol\u00edtica de privacidad.\" aria-errormessage=\"wpforms-3061-field_29_1-error\" required ><label class=\"wpforms-field-label-inline\" for=\"wpforms-3061-field_29_1\">Al usar este formulario accedes al almacenamiento y gesti\u00f3n de tus datos por parte de esta web. Puedes consultar  <a href=\"https:\/\/www.grup-gbi.com\/es\/aviso-legal\/\" target=\"_blank\">aqu\u00ed<\/a> la pol\u00edtica de privacidad.<\/label><\/li><\/ul><\/fieldset><\/div><div id=\"wpforms-3061-field_30-container\" class=\"wpforms-field wpforms-field-html\" data-field-id=\"30\"><div id=\"wpforms-3061-field_30\" aria-errormessage=\"wpforms-3061-field_30-error\"><div><p><strong>Contacto:<\/strong><\/p><\/div><br \/>\r\nSi tiene alguna duda o necesita ayuda para realizar la informaci\u00f3n o comunicaci\u00f3n , puede ponerse en contacto con el responsable del canal interno de informaci\u00f3n a trav\u00e9s del siguiente correo electr\u00f3nico:  <a href=\"mailto:comisioncompliance@paprec.com\">comisioncompliance@paprec.com<\/a> <br \/><br \/>\r\n\r\n<p><strong>Gracias por su colaboraci\u00f3n.<br \/>\r\n<br \/>\r\nGrup Paprec \/GBI Paprec\r\n<br \/>\r\nCompromiso con la \u00e9tica y la transparencia<\/strong><\/p>\r\n\r\n<\/div><\/div><\/div><!-- .wpforms-field-container --><div class=\"wpforms-recaptcha-container wpforms-is-recaptcha wpforms-is-recaptcha-type-v3\" ><input type=\"hidden\" name=\"wpforms[recaptcha]\" value=\"\"><\/div><div class=\"wpforms-submit-container\" ><input type=\"hidden\" name=\"wpforms[id]\" value=\"3061\"><input type=\"hidden\" name=\"wpforms[author]\" value=\"9\"><button type=\"submit\" name=\"wpforms[submit]\" id=\"wpforms-submit-3061\" class=\"wpforms-submit\" data-alt-text=\"Se est\u00e1 enviando...\" data-submit-text=\"Enviar\" aria-live=\"assertive\" value=\"wpforms-submit\">Enviar<\/button><img src=\"https:\/\/www.grup-gbi.com\/wp-content\/plugins\/wpforms\/assets\/images\/submit-spin.svg\" class=\"wpforms-submit-spinner\" style=\"display: none;\" width=\"26\" height=\"26\" alt=\"S&#039;est\u00e0 carregant\"><\/div><\/form><\/div>  <!-- .wpforms-container -->\n<p>&nbsp;<\/p>\n<h3><strong>Pol\u00edtica del canal Interno del Informante<\/strong><\/h3>\n<p><strong>Con el objetivo de cumplir con los principios de transparencia y buenas pr\u00e1cticas de las sociedades pertenecientes a Grupo Paprec, se ha establecido un sistema para la gesti\u00f3n de quejas, informaciones y reclamaciones que permita:<\/strong><\/p>\n<ul>\n<li>Identificar insatisfacci\u00f3n o conductas il\u00edcitas o irregulares en las sociedades pertenecientes al Grupo Paprec.<\/li>\n<li>Identificar \u00e1reas de mejora en la gesti\u00f3n interna de la organizaci\u00f3n.<\/li>\n<\/ul>\n<p><strong>\u00a0<\/strong><strong>Para ello se ha habilitado un canal para el env\u00edo de quejas, informaciones y reclamaciones que podr\u00e1 ser utilizado por todos los grupos de inter\u00e9s.<\/strong> Este canal permitir\u00e1 poner de manifiesto cualquier irregularidad o ilegalidad derivada de cualquier acci\u00f3n u omisi\u00f3n llevada a cabo por cualquier sociedad perteneciente a Grupo Paprec.<\/p>\n<p><strong>\u00a0<\/strong><strong>PRINCIPIOS DEL CANAL INTERNO\u00a0 DEL INFORMANTE:<\/strong><\/p>\n<p><strong>\u00a0<\/strong><strong>Accesibilidad:<\/strong><\/p>\n<ul>\n<li>El canal Interno\u00a0 del informante es p\u00fablico y de f\u00e1cil acceso.<\/li>\n<li>Se podr\u00e1 acceder a trav\u00e9s de la p\u00e1gina web del GBI PAPREC, S.A.<\/li>\n<\/ul>\n<p><strong>Confidencialidad:<\/strong><\/p>\n<ul>\n<li>La identidad de la persona que realice la comunicaci\u00f3n tendr\u00e1 la consideraci\u00f3n de informaci\u00f3n confidencial y no podr\u00e1 ser comunicada sin su consentimiento.<\/li>\n<li>Los datos de las personas que deseen presentar la informaci\u00f3n \u00a0podr\u00e1n ser facilitados a las autoridades judiciales o administrativas si son requeridas para un procedimiento derivado de la informaci\u00f3n .<\/li>\n<li>Esta comunicaci\u00f3n estar\u00e1 sujeta al pleno cumplimiento de la legislaci\u00f3n sobre protecci\u00f3n de datos de car\u00e1cter personal.<\/li>\n<\/ul>\n<p><strong>Objetividad e imparcialidad:<\/strong><\/p>\n<ul>\n<li>Despu\u00e9s de la recepci\u00f3n de la informaci\u00f3n, queja o reclamaci\u00f3n, se garantizar\u00e1 el derecho a la intimidad, a la defensa y a la presunci\u00f3n de inocencia de las personas objeto de la informaci\u00f3n.<\/li>\n<li>El \u00f3rgano de gobierno correspondiente ser\u00e1 el encargado de designar a la persona o personas encargadas de la gesti\u00f3n de denuncias.<\/li>\n<\/ul>\n<p><strong>Eficiencia:<\/strong><\/p>\n<ul>\n<li>La tramitaci\u00f3n de todas las solicitudes se realizar\u00e1 cuanto antes.<\/li>\n<li>Grupo Paprec se reserva el derecho a no emitir respuesta en los casos siguientes:\n<ul>\n<li>Solicitudes de datos de car\u00e1cter confidencial: en el caso de datos regulados por leyes o que afecten a acuerdos privados que exigen la protecci\u00f3n de las personas y de las instituciones.<\/li>\n<li>Solicitudes maliciosas que vulneren claramente el criterio de buena fe por ser irrespetuosas por su contenido.<\/li>\n<li>Cuando haya razones o indicios de que la comunicaci\u00f3n se ha presentado de mala fe, se desestimar\u00e1 su seguimiento y se informar\u00e1 al emisor de los motivos de la desestimaci\u00f3n. Grupo Paprec se reserva el derecho a tomar las medidas disciplinarias o de otra \u00edndole contra quien haya actuado de mala fe.<\/li>\n<\/ul>\n<\/li>\n<\/ul>\n<p><strong>\u00a0<\/strong><\/p>\n<p><strong>PROCEDIMIENTO:<\/strong><\/p>\n<p><strong>Acceso:<\/strong><\/p>\n<ul>\n<li>Grupo Paprec habilitar\u00e1 un correo electr\u00f3nico, visible en la p\u00e1gina web, para la recepci\u00f3n de las informaciones o comunicaciones :<\/li>\n<\/ul>\n[Comisioncompliance@paprec.com]\n<ul>\n<li>A este correo electr\u00f3nico tendr\u00e1n acceso exclusivamente la o las personas designadas por el \u00f3rgano de gobierno correspondiente para la gesti\u00f3n de las informaciones o comunicaciones , que se comprometen a tratar de manera confidencial la informaci\u00f3n recibida.<\/li>\n<\/ul>\n<p><strong>\u00a0<\/strong><\/p>\n<p><strong>GESTI\u00d3N DE LA INFORMACI\u00d3N:<\/strong><\/p>\n<ul>\n<li>Se realizar\u00e1 un registro con las informaciones o comunicaciones \u00a0recibidas en las que figure:\n<ul>\n<li>C\u00f3digo asignado a la denuncia<\/li>\n<li>Fecha de recepci\u00f3n<\/li>\n<li>Informaci\u00f3n contenida<\/li>\n<li>Fecha de respuesta<\/li>\n<li>Cualquier seguimiento que se pueda hacer con posterioridad<\/li>\n<\/ul>\n<\/li>\n<\/ul>\n<p><strong>\u00a0<\/strong><\/p>\n<p><strong>AN\u00c1LISIS Y RESOLUCI\u00d3N:<\/strong><\/p>\n<ul>\n<li>La persona o personas designadas por el \u00f3rgano de gobierno correspondiente para la gesti\u00f3n de informaciones o comunicaciones recibir\u00e1n los correos electr\u00f3nicos y enviar\u00e1n aquellas solicitudes de informaci\u00f3n u otras cuestiones \u00a0\u00a0al Departamento encargado por raz\u00f3n de la materia.<\/li>\n<\/ul>\n<p><strong>\u00a0<\/strong><\/p>\n<p><strong>En caso de informaciones sobre conductas il\u00edcitas o irregulares:<\/strong><\/p>\n<ul>\n<li>La persona o personas designadas por el \u00f3rgano de gobierno correspondiente ser\u00e1n las encargadas de llevar a cabo la investigaci\u00f3n sobre la informaci\u00f3n. Para ello, podr\u00e1n entrevistar a las personas que consideren de relevancia para tomar una decisi\u00f3n objetiva.<\/li>\n<li>El tr\u00e1mite de investigaci\u00f3n incluir\u00e1 una entrevista privada con la persona o personas presuntamente responsables de la conducta.<\/li>\n<li>Una vez finalizada la fase de investigaci\u00f3n, se realizar\u00e1 un breve informe en el que se recojan las conclusiones. Este informe se pondr\u00e1 en conocimiento del \u00f3rgano de gobierno correspondiente, de la Direcci\u00f3n de la sociedad del Grupo Paprec, as\u00ed como de la persona que ha proporcionado la informaci\u00f3n .<\/li>\n<li>Una vez realizado este informe, el Grupo Paprec podr\u00e1 determinar las sanciones o medidas disciplinarias adecuadas a cada caso. Para aquellos casos que sean constitutivos de un presunto delito, se elevar\u00e1 a las autoridades competentes.<\/li>\n<\/ul>\n<p><strong>\u00a0<\/strong><\/p>\n<p><strong>La tramitaci\u00f3n de todas las solicitudes se realizar\u00e1 cuanto antes, estableciendo como plazo m\u00e1ximo 3 meses, sin perjuicio de poder ampliarlo, dada en su caso la complejidad del asunto.<\/strong> Si por alguna raz\u00f3n no se pudiera cumplir con el plazo inicial de 3 meses establecido, se deber\u00e1 informar a la persona interesada que su solicitud se encuentra en curso y se le ofrecer\u00e1 un nuevo plazo.<\/p>\n<p>&nbsp;<\/p>\n","protected":false},"excerpt":{"rendered":"<p>&nbsp; Pol\u00edtica del canal Interno del Informante Con el objetivo de cumplir con los principios de transparencia y buenas pr\u00e1cticas de las sociedades pertenecientes a Grupo Paprec, se ha establecido un sistema para la gesti\u00f3n de quejas, informaciones y reclamaciones&hellip;<\/p>\n","protected":false},"author":9,"featured_media":0,"parent":0,"menu_order":0,"comment_status":"closed","ping_status":"closed","template":"","meta":[],"_links":{"self":[{"href":"https:\/\/www.grup-gbi.com\/es\/wp-json\/wp\/v2\/pages\/3075\/"}],"collection":[{"href":"https:\/\/www.grup-gbi.com\/es\/wp-json\/wp\/v2\/pages\/"}],"about":[{"href":"https:\/\/www.grup-gbi.com\/es\/wp-json\/wp\/v2\/types\/page\/"}],"author":[{"embeddable":true,"href":"https:\/\/www.grup-gbi.com\/es\/wp-json\/wp\/v2\/users\/9\/"}],"replies":[{"embeddable":true,"href":"https:\/\/www.grup-gbi.com\/es\/wp-json\/wp\/v2\/comments\/?post=3075"}],"version-history":[{"count":1,"href":"https:\/\/www.grup-gbi.com\/es\/wp-json\/wp\/v2\/pages\/3075\/revisions\/"}],"predecessor-version":[{"id":3076,"href":"https:\/\/www.grup-gbi.com\/es\/wp-json\/wp\/v2\/pages\/3075\/revisions\/3076\/"}],"wp:attachment":[{"href":"https:\/\/www.grup-gbi.com\/es\/wp-json\/wp\/v2\/media\/?parent=3075"}],"curies":[{"name":"wp","href":"https:\/\/api.w.org\/{rel}","templated":true}]}}