{"id":491,"date":"2018-10-13T02:41:45","date_gmt":"2018-10-13T00:41:45","guid":{"rendered":"http:\/\/www.grup-gbi.com\/?page_id=491"},"modified":"2023-09-22T09:20:11","modified_gmt":"2023-09-22T09:20:11","slug":"aviso-legal","status":"publish","type":"page","link":"https:\/\/www.grup-gbi.com\/es\/aviso-legal\/","title":{"rendered":"Aviso Legal"},"content":{"rendered":"<p>En cumplimiento de la Ley 34\/2002, de 11 de julio, de servicios de la sociedad de la informaci\u00f3n y de comercio electr\u00f3nico (LSSI), le informamos que:<\/p>\n<ol>\n<li><strong>Titular<\/strong><\/li>\n<\/ol>\n<p>El titular de este sitio web es GBI PAPREC, SA, con domicilio social en Cam\u00ed de les Alegries, s\/n de Lloret de Mar (Girona), CP 17310, con NIF A-60088309, inscrita en el Registro Mercantil de Barcelona, tomo 2104,\u00a0 folio 18, hoja n\u00famero GI-35403Su correo electr\u00f3nico es: <a href=\"mailto:info@grup-gbi.com\">info@grup-gbi.com<\/a><\/p>\n<ol start=\"2\">\n<li><strong>Objeto<\/strong><\/li>\n<\/ol>\n<p>El sitio web tiene por objetivo informar sobre los servicios y novedades de la empresa y posibilitar el contacto con GBI PAPREC, SA.<\/p>\n<ol start=\"3\">\n<li><strong>Condiciones generales de uso <\/strong><\/li>\n<\/ol>\n<p>Las presentes condiciones generales de uso regulan el uso del sitio web donde se facilita al p\u00fablico informaci\u00f3n relativa a GBI PAPREC, SA La mera navegaci\u00f3n por el sitio web o acceso al mismo implica la adhesi\u00f3n a las condiciones aqu\u00ed expuestas, sin perjuicio de aquellas particulares que pudieran aplicarse a algunos de los servicios concretos ofrecidos a trav\u00e9s del sitio web.<\/p>\n<p>GBI PAPREC, SA se reserva el derecho a modificar, en cualquier momento, cualquier tipo de informaci\u00f3n contenida en el sitio web o la configuraci\u00f3n y presentaci\u00f3n de la misma, sin necesidad de previo aviso.<\/p>\n<p>GBI PAPREC, SA se reserva el derecho de denegar, suspender, interrumpir o cancelar el acceso o la utilizaci\u00f3n, total o parcial, de este sitio web a aquellos usuarios o visitantes que incumplan cualquiera de las condiciones previstas en el presente aviso legal.<\/p>\n<ol start=\"4\">\n<li><strong>Derechos de Propiedad Intelectual e Industrial<\/strong><\/li>\n<\/ol>\n<p>Todos los elementos de este sitio web, contenido, c\u00f3digos, fuente, forma, dise\u00f1o, im\u00e1genes, marcas, logotipos, selecci\u00f3n, ordenaci\u00f3n y presentaci\u00f3n de sus contenidos se encuentran protegidos por los derechos de la propiedad intelectual e industrial.<\/p>\n<p>En ning\u00fan caso, el acceso al sitio web implica la renuncia, transmisi\u00f3n o cesi\u00f3n total o parcial de los derechos otorgados por la legislaci\u00f3n sobre los derechos de la propiedad. Independientemente de la finalidad para la que fueran destinados, la reproducci\u00f3n total o parcial, uso, explotaci\u00f3n, distribuci\u00f3n y comercializaci\u00f3n, requiere en todo caso de la autorizaci\u00f3n escrita previa por parte de GBI PAPREC, SA Cualquier uso no autorizado previamente por parte GBI PAPREC, SA ser\u00e1 considerado un incumplimiento grave de los derechos de propiedad intelectual o industrial del autor.<\/p>\n<p>Sin perjuicio de lo dispuesto anteriormente, determinados contenidos de este sito web pertenecen a sus respectivos autores y son utilizados en este sitio web por su cesi\u00f3n, autorizaci\u00f3n o licencia a favor de GBI PAPREC, SA<\/p>\n<p>El usuario del sitio web, se obliga a utilizar los contenidos de forma diligente, correcta y l\u00edcita, y se compromete a abstenerse de suprimir, eludir o manipular cualquier dispositivo o sistema de seguridad de los derechos de GBI PAPREC, SA.<\/p>\n<ol>\n<li><strong>Pol\u00edtica de confidencialidad y protecci\u00f3n de datos<\/strong><\/li>\n<\/ol>\n<p>Los datos de car\u00e1cter personal que sean proporcionados por el\/la usuario\/a a trav\u00e9s del sitio web, a trav\u00e9s de e-mail, son confidenciales y formar\u00e1n parte de un fichero automatizado responsabilidad de GBI PAPREC, SA con la finalidad de gestionar la consulta planteada y enviarle la informaci\u00f3n solicitada.<\/p>\n<p>Los datos se conservar\u00e1n mientras exista un inter\u00e9s mutuo para mantener el fin del tratamiento. Dichos datos no se comunicar\u00e1n a terceros sin su previa autorizaci\u00f3n.<\/p>\n<p>As\u00ed mismo, informamos a los usuarios que pueden ejercer su derecho de acceso, rectificaci\u00f3n, cancelaci\u00f3n, oposici\u00f3n, olvido y portabilidad de los datos, dirigi\u00e9ndose por escrito al responsable del fichero, que es GBI PAPREC, SA , con NIF A-60088309 y domiciliada en Cam\u00ed de les Alegries, s\/n de Lloret de Mar (Girona), CP 17310 adjuntando copia del DNI del titular de los datos o por e-mail a <a href=\"mailto:info@grup-gbi.com\">info@grup-gbi.com<\/a><\/p>\n<p>El\/la usuario\/a ser\u00e1 el \u00fanico responsable a causa del env\u00edo de informaci\u00f3n v\u00eda e-mail con datos falsos, inexactos, incompletos o no actualizados.<\/p>\n<p>&nbsp;<\/p>\n<ol>\n<li><strong>Pol\u00edtica de cookies<\/strong><\/li>\n<\/ol>\n<p>Una cookie es un fichero que se descarga en su ordenador al acceder a determinadas p\u00e1ginas web. Las cookies permiten a una p\u00e1gina web, en otras cosas, almacenar y recuperar informaci\u00f3n sobre los h\u00e1bitos de navegaci\u00f3n de un usuario o de su equipo y, dependiendo de la informaci\u00f3n que contengan y de la forma que utilice su equipo, pueden utilizarse para reconocer al usuario.<\/p>\n<p>Podemos distinguir varios tipos de cookies seg\u00fan su finalidad:<\/p>\n<ul>\n<li>Cookies t\u00e9cnicas: Permiten al usuario la navegaci\u00f3n a trav\u00e9s de la p\u00e1gina web facilitando los servicios que ofrece la web tales como identificar la sesi\u00f3n, acceder a partes de acceso restringido, recordar elementos de un pedido, realizar el proceso de compra, facilitar funcionalidades (videos, redes sociales, etc.).<\/li>\n<li>Cookies de personalizaci\u00f3n: Permiten al usuario acceder al servicio con algunas caracter\u00edsticas predefinidas como idioma, navegador, configuraci\u00f3n, etc.<\/li>\n<li>Cookies de an\u00e1lisis: Permiten el an\u00e1lisis an\u00f3nimo del comportamiento de los usuarios en la web y permiten la medici\u00f3n de la actividad de los sitios web y elaborar perfiles de navegaci\u00f3n con el fin de introducir mejoras en funci\u00f3n del an\u00e1lisis de los datos.<\/li>\n<li>Cookies publicitarias: Permiten la gesti\u00f3n de los espacios publicitarios incluidos en la web.<\/li>\n<li>Cookies de publicidad comportamental: Permiten la gesti\u00f3n de los espacios publicitarios de la web en base al comportamiento de los usuarios a trav\u00e9s de la observaci\u00f3n de sus h\u00e1bitos de navegaci\u00f3n.<\/li>\n<\/ul>\n<p>En concreto GBI PAPREC, SA\u00a0 utiliza el siguiente tipo de cookies:<\/p>\n<ul>\n<li>Cookies de an\u00e1lisis: Son aquellas bien tratadas por nosotros o por terceros, que nos permiten identificar el n\u00famero de usuarios y as\u00ed realizar la medici\u00f3n y an\u00e1lisis estad\u00edstico de la utilizaci\u00f3n que hacen los usuarios.<\/li>\n<\/ul>\n<p>Le informamos que usted puede permitir, bloquear o eliminar las cookies instaladas en su equipo mediante la configuraci\u00f3n de las opciones del navegador instalado en su ordenador.<\/p>\n<ul>\n<li>Chrome: Configuraci\u00f3n \u00e0Mostrar opciones avanzadas \u00e0 Privacidad \u00e0 Configuraci\u00f3n de contenido<\/li>\n<li>Firefox: Herramientas \u00e0 Opciones \u00e0 Privacidad \u00e0 Historial \u00e0 Configuraci\u00f3n personalizada<\/li>\n<li>Internet Explorer: Herramientas \u00e0 Opciones de internet \u00e0 Privacidad \u00e0 Configuraci\u00f3n<\/li>\n<li>Safari: Preferencias \u00e0 Seguridad<\/li>\n<\/ul>\n<p>&nbsp;<\/p>\n<ol>\n<li><strong>Responsabilidad y obligaciones<\/strong><\/li>\n<\/ol>\n<p>El contenido de este sitio web es meramente informativo tanto de nuestros servicios como de nuestra actividad empresarial. GBI PAPREC, SA no se responsabiliza sobre cualquier informaci\u00f3n que no haya sido elaborada por ellos mismos o no publicada bajo su autorizaci\u00f3n, as\u00ed como la responsabilidad que se pueda derivar de un uso inadecuado de los contenidos.<\/p>\n<p>GBI PAPREC, SA, no se hace responsable de los da\u00f1os y perjuicios que puedan ocasionarse en el sistema inform\u00e1tico del usuario, ficheros o documentos almacenados en los mismos, derivados de la presencia de virus u otros elementos lesivos existentes en la red, derivados de la navegaci\u00f3n por Internet, de un mal funcionamiento del navegador o del uso de versiones no actualizadas del mismo.<\/p>\n<p>El\/la usuario\/a que acceda a este sitio web, acepta las condiciones expuestas en el presente aviso legal, asumiendo su responsabilidad por el uso del mismo, comprometi\u00e9ndose a realizar un uso adecuado de los contenidos y servicios que se ofrecen.<\/p>\n<p>&nbsp;<\/p>\n<p>&nbsp;<\/p>\n<ol>\n<li><strong>Duraci\u00f3n<\/strong><\/li>\n<\/ol>\n<p>GBI PAPREC, SA se reserva el derecho a modificar y\/o actualizar total o parcialmente los t\u00e9rminos y condiciones expuestos anteriormente, con la finalidad de adaptarlos a la legislaci\u00f3n aplicable en cada momento. Cualquier cambio que se produzca se publicar\u00e1 en el sitio web a trav\u00e9s del Aviso Legal y estar\u00e1 disponible para todos los usuarios.<\/p>\n<ol>\n<li><strong>Ley aplicable y jurisdicci\u00f3n<\/strong><\/li>\n<\/ol>\n<p>Estas condiciones de uso se rigen por la legislaci\u00f3n espa\u00f1ola.<\/p>\n<p>GBI PAPREC, SA y el\/la usuario\/a, con renuncia expresa de su fuero, someten todas las interpretaciones o conflictos que pudieran surgir de este aviso legal a los Juzgados y Tribunales de Girona.<\/p>\n","protected":false},"excerpt":{"rendered":"<p>En cumplimiento de la Ley 34\/2002, de 11 de julio, de servicios de la sociedad de la informaci\u00f3n y de comercio electr\u00f3nico (LSSI), le informamos que: Titular El titular de este sitio web es GBI PAPREC, SA, con domicilio social&hellip;<\/p>\n","protected":false},"author":2,"featured_media":0,"parent":0,"menu_order":0,"comment_status":"closed","ping_status":"closed","template":"","meta":[],"_links":{"self":[{"href":"https:\/\/www.grup-gbi.com\/es\/wp-json\/wp\/v2\/pages\/491\/"}],"collection":[{"href":"https:\/\/www.grup-gbi.com\/es\/wp-json\/wp\/v2\/pages\/"}],"about":[{"href":"https:\/\/www.grup-gbi.com\/es\/wp-json\/wp\/v2\/types\/page\/"}],"author":[{"embeddable":true,"href":"https:\/\/www.grup-gbi.com\/es\/wp-json\/wp\/v2\/users\/2\/"}],"replies":[{"embeddable":true,"href":"https:\/\/www.grup-gbi.com\/es\/wp-json\/wp\/v2\/comments\/?post=491"}],"version-history":[{"count":5,"href":"https:\/\/www.grup-gbi.com\/es\/wp-json\/wp\/v2\/pages\/491\/revisions\/"}],"predecessor-version":[{"id":2839,"href":"https:\/\/www.grup-gbi.com\/es\/wp-json\/wp\/v2\/pages\/491\/revisions\/2839\/"}],"wp:attachment":[{"href":"https:\/\/www.grup-gbi.com\/es\/wp-json\/wp\/v2\/media\/?parent=491"}],"curies":[{"name":"wp","href":"https:\/\/api.w.org\/{rel}","templated":true}]}}